{"id":121340,"date":"2025-11-06T16:06:26","date_gmt":"2025-11-06T14:06:26","guid":{"rendered":"https:\/\/vetus.com\/confident-anchoring\/"},"modified":"2026-03-06T09:22:23","modified_gmt":"2026-03-06T07:22:23","slug":"sikker-forankring","status":"publish","type":"page","link":"https:\/\/vetus.com\/da\/sikker-forankring\/","title":{"rendered":"Sikker ankring med fuld tillid"},"content":{"rendered":"\n<section class=\"section  \">\n    \n\n<section id=\"section-text-block-block_6a7a18b6307cf2059c37bf79277d0d1e\" class=\"section text-block \">\n                    <div class=\"section section__body\">\n            <div class=\"text-block\">\n                <div class=\"container\">\n                    <div class=\"row\">\n                        <div class=\"col-lg-8 offset-lg-2\">\n                                                            <div class=\"section__content single__content hentry\">\n                                    <h3 data-start=\"246\" data-end=\"313\"><strong data-start=\"250\" data-end=\"311\">Komplette Maxwell ankringsl\u00f8sninger til alle fart\u00f8jstyper<\/strong><\/h3>\n<p data-start=\"314\" data-end=\"553\">S\u00e6nk og hent dit anker med fuld tryghed \u2013 med et enkelt tryk p\u00e5 en knap. Maxwell ankringssystemer kombinerer styrke, driftssikkerhed og enest\u00e5ende brugervenlighed til alle typer fart\u00f8jer, fra kompakte sejlb\u00e5de til luksuri\u00f8se superyachts. Systemerne er designet til j\u00e6vn drift og nem h\u00e5ndtering og g\u00f8r ankring til en sikker og helt stressfri oplevelse. Med Maxwell spil, capstans og d\u00e6ksudstyr ombord er du altid klar til at stoppe, blive liggende og nyde vandet p\u00e5 dine egne betingelser.<\/p>\n                                <\/div>\n                            \n                                                    <\/div>\n                    <\/div>\n                <\/div>\n            <\/div>\n        <\/div>\n    <\/section><\/section>\n\n<section class=\"section section--colored bg-light content-blocks bg-light   \">\n    <section id=\"section-gallery-block_cd97afe3847b8b4d797d903305852a25\" class=\"section gallery \">\n                <div class=\"section__body gallery__body\">\n            <div class=\"container\">\n                <div class=\"row row--col-margin-medium justify-content-center\">\n                                            <div class=\"col-8 col-sm-4 offset-sm-0\">\n                            <div class=\"gallery__media media media--clipped ratio\">\n                                <div class=\"media__wrapper\">\n                                    <img decoding=\"async\" width=\"690\" height=\"460\" src=\"https:\/\/vetus.com\/wp-content\/uploads\/8059423_20211006094644709_1_XLARGE-690x460.jpg\" class=\"media__src img-fit\" alt=\"\" srcset=\"https:\/\/vetus.com\/wp-content\/uploads\/8059423_20211006094644709_1_XLARGE-690x460.jpg 690w, https:\/\/vetus.com\/wp-content\/uploads\/8059423_20211006094644709_1_XLARGE-300x200.jpg 300w, https:\/\/vetus.com\/wp-content\/uploads\/8059423_20211006094644709_1_XLARGE-768x512.jpg 768w, https:\/\/vetus.com\/wp-content\/uploads\/8059423_20211006094644709_1_XLARGE-210x140.jpg 210w, https:\/\/vetus.com\/wp-content\/uploads\/8059423_20211006094644709_1_XLARGE-330x220.jpg 330w, https:\/\/vetus.com\/wp-content\/uploads\/8059423_20211006094644709_1_XLARGE-431x287.jpg 431w, https:\/\/vetus.com\/wp-content\/uploads\/8059423_20211006094644709_1_XLARGE-507x338.jpg 507w, https:\/\/vetus.com\/wp-content\/uploads\/8059423_20211006094644709_1_XLARGE-530x353.jpg 530w, https:\/\/vetus.com\/wp-content\/uploads\/8059423_20211006094644709_1_XLARGE-930x620.jpg 930w, https:\/\/vetus.com\/wp-content\/uploads\/8059423_20211006094644709_1_XLARGE-1170x780.jpg 1170w, https:\/\/vetus.com\/wp-content\/uploads\/8059423_20211006094644709_1_XLARGE.jpg 1920w\" sizes=\"auto, (max-width: 575.98px) 431px, (max-width: 767.98px) 530px, (max-width: 991.98px) 330px, (max-width: 1279.98px) 431px, (max-width: 1899.98px) 530px, 690px\" loading=\"lazy\" \/>                                <\/div>\n                            <\/div>\n                        <\/div>\n                                            <div class=\"col-8 col-sm-4 offset-sm-0\">\n                            <div class=\"gallery__media media media--clipped ratio\">\n                                <div class=\"media__wrapper\">\n                                    <img decoding=\"async\" width=\"690\" height=\"460\" src=\"https:\/\/vetus.com\/wp-content\/uploads\/DSCF7077-690x460.jpg\" class=\"media__src img-fit\" alt=\"\" srcset=\"https:\/\/vetus.com\/wp-content\/uploads\/DSCF7077-690x460.jpg 690w, https:\/\/vetus.com\/wp-content\/uploads\/DSCF7077-300x200.jpg 300w, https:\/\/vetus.com\/wp-content\/uploads\/DSCF7077-768x512.jpg 768w, https:\/\/vetus.com\/wp-content\/uploads\/DSCF7077-210x140.jpg 210w, https:\/\/vetus.com\/wp-content\/uploads\/DSCF7077-330x220.jpg 330w, https:\/\/vetus.com\/wp-content\/uploads\/DSCF7077-431x287.jpg 431w, https:\/\/vetus.com\/wp-content\/uploads\/DSCF7077-507x338.jpg 507w, https:\/\/vetus.com\/wp-content\/uploads\/DSCF7077-530x353.jpg 530w, https:\/\/vetus.com\/wp-content\/uploads\/DSCF7077-930x620.jpg 930w, https:\/\/vetus.com\/wp-content\/uploads\/DSCF7077-1170x780.jpg 1170w\" sizes=\"auto, (max-width: 575.98px) 431px, (max-width: 767.98px) 530px, (max-width: 991.98px) 330px, (max-width: 1279.98px) 431px, (max-width: 1899.98px) 530px, 690px\" loading=\"lazy\" \/>                                <\/div>\n                            <\/div>\n                        <\/div>\n                                            <div class=\"col-8 col-sm-4 offset-sm-0\">\n                            <div class=\"gallery__media media media--clipped ratio\">\n                                <div class=\"media__wrapper\">\n                                    <img decoding=\"async\" width=\"690\" height=\"591\" src=\"https:\/\/vetus.com\/wp-content\/uploads\/upscaled_photo_edit_cmyk-1-690x591.png\" class=\"media__src img-fit\" alt=\"\" srcset=\"https:\/\/vetus.com\/wp-content\/uploads\/upscaled_photo_edit_cmyk-1-690x591.png 690w, https:\/\/vetus.com\/wp-content\/uploads\/upscaled_photo_edit_cmyk-1-300x257.png 300w, https:\/\/vetus.com\/wp-content\/uploads\/upscaled_photo_edit_cmyk-1-768x658.png 768w, https:\/\/vetus.com\/wp-content\/uploads\/upscaled_photo_edit_cmyk-1-210x180.png 210w, https:\/\/vetus.com\/wp-content\/uploads\/upscaled_photo_edit_cmyk-1-330x283.png 330w, https:\/\/vetus.com\/wp-content\/uploads\/upscaled_photo_edit_cmyk-1-431x369.png 431w, https:\/\/vetus.com\/wp-content\/uploads\/upscaled_photo_edit_cmyk-1-507x435.png 507w, https:\/\/vetus.com\/wp-content\/uploads\/upscaled_photo_edit_cmyk-1-530x454.png 530w, https:\/\/vetus.com\/wp-content\/uploads\/upscaled_photo_edit_cmyk-1-930x797.png 930w, https:\/\/vetus.com\/wp-content\/uploads\/upscaled_photo_edit_cmyk-1-1170x1003.png 1170w\" sizes=\"auto, (max-width: 575.98px) 431px, (max-width: 767.98px) 530px, (max-width: 991.98px) 330px, (max-width: 1279.98px) 431px, (max-width: 1899.98px) 530px, 690px\" loading=\"lazy\" \/>                                <\/div>\n                            <\/div>\n                        <\/div>\n                                    <\/div>\n            <\/div>\n        <\/div>\n    <\/section><\/section>\n\n\n<section class=\"section  \">\n    \n\n<section id=\"section-text-block-block_39a10262704cede0be5e69a9c3916443\" class=\"section text-block \">\n                    <div class=\"section section__body\">\n            <div class=\"text-block\">\n                <div class=\"container\">\n                    <div class=\"row\">\n                        <div class=\"col-lg-8 offset-lg-2\">\n                                                            <div class=\"section__content single__content hentry\">\n                                    <h3 data-start=\"811\" data-end=\"867\"><strong data-start=\"815\" data-end=\"865\">H\u00f8j ydeevne, holdbarhed og bygget til at holde<\/strong><\/h3>\n<p data-start=\"868\" data-end=\"1157\">Med \u00e5rtiers innovation og test har Maxwell perfektioneret ankringssystemer, der leverer kraft, p\u00e5lidelighed og problemfri drift i enhver situation. Fra hurtige weekendstop til lange togter er systemerne konstrueret til at yde under belastning og modst\u00e5 selv de h\u00e5rdeste maritime milj\u00f8er. Fordelene handler ikke kun om styrke. Maxwell l\u00f8sninger reducerer belastningen p\u00e5 bes\u00e6tningen, forl\u00e6nger udstyrets levetid og giver fuld ro i sindet p\u00e5 vandet. Ingen besv\u00e6r, ingen kompromiser, ingen tvivl. Ankring har aldrig v\u00e6ret mere p\u00e5lideligt.<\/p>\n                                <\/div>\n                            \n                                                    <\/div>\n                    <\/div>\n                <\/div>\n            <\/div>\n        <\/div>\n    <\/section>\n\n<section id=\"section-text-block-block_39a10262704cede0be5e69a9c3916443\" class=\"section text-block \">\n                    <div class=\"section section__body\">\n            <div class=\"text-block\">\n                <div class=\"container\">\n                    <div class=\"row\">\n                        <div class=\"col-lg-8 offset-lg-2\">\n                                                            <div class=\"section__content single__content hentry\">\n                                    <h3 data-start=\"1413\" data-end=\"1466\"><strong data-start=\"1417\" data-end=\"1464\">Find det ideelle ankringssystem til din b\u00e5d<\/strong><\/h3>\n<p data-start=\"1467\" data-end=\"1733\">Maxwell tilbyder et komplet udvalg af ankringsl\u00f8sninger, der passer til alle typer fart\u00f8jer. Vertikale spil \u2013 langt det mest almindelige valg p\u00e5 tv\u00e6rs af alle b\u00e5dst\u00f8rrelser \u2013 giver en kompakt og elegant installation med de fleste komponenter placeret under d\u00e6kket. Horisontale modeller har motor og gearkasse over d\u00e6kket og er ideelle til installationer, hvor pladsen under d\u00e6kket er begr\u00e6nset. Til superyachts sikrer Maxwells kraftige systemer med fuld redundans og enest\u00e5ende belastningskapacitet sikker og p\u00e5lidelig ankring under alle forhold. Med matchende bovruller, k\u00e6destoppere, ankerliner og betjening findes der altid et Maxwell system, der er udviklet til dine behov.<\/p>\n                                <\/div>\n                            \n                                                    <\/div>\n                    <\/div>\n                <\/div>\n            <\/div>\n        <\/div>\n    <\/section>\n<section id=\"section-companies-group-block_39a10262704cede0be5e69a9c3916443\" class=\"section cards cards--brand \">\n    <div class=\"section__header cards__header\">\n        <div class=\"container\">\n            <div class=\"row\">\n                <div class=\"col-12\">\n                                            <h3 class=\"section__title cards__title h3\">\n                            <center>Klar til at ankre med excellence?<center>                        <\/h3>\n                                                                <div class=\"section text-lg\">\n                            <p>\n                                <center>V\u00e6lg din fart\u00f8jstype for at udforske den rette l\u00f8sning:<center>                            <\/p>\n                        <\/div>\n                    \n                <\/div>\n            <\/div>\n        <\/div>\n    <\/div>\n\n    <div class=\"section__body cards__body\">\n        <div class=\"container-fluid\">\n            <div class=\"row row--col-margin-large d-flex justify-content-center\">\n                                    <div class=\"col-12 col-md-6 col-xl-2\">\n                        \n<div class=\"card card--group px-3 py-5 d-flex flex-column\">\n    <div class=\" d-flex justify-content-center custom-aspect-logo2 mx-auto\">\n                 <span class=\"sr-only\">\n            Sikker ankring med fuld tillid        <\/span>\n    <\/div>\n\n            <div class=\"w-100\">\n            <img decoding=\"async\" width=\"2560\" height=\"1440\" src=\"https:\/\/vetus.com\/wp-content\/uploads\/shutterstock_1238496010-scaled.jpg\" class=\"img-fluid d-block mx-auto custom-aspect my-2\" alt=\"\" srcset=\"https:\/\/vetus.com\/wp-content\/uploads\/shutterstock_1238496010-scaled.jpg 2560w, https:\/\/vetus.com\/wp-content\/uploads\/shutterstock_1238496010-300x169.jpg 300w, https:\/\/vetus.com\/wp-content\/uploads\/shutterstock_1238496010-768x432.jpg 768w, https:\/\/vetus.com\/wp-content\/uploads\/shutterstock_1238496010-210x118.jpg 210w, https:\/\/vetus.com\/wp-content\/uploads\/shutterstock_1238496010-330x186.jpg 330w, https:\/\/vetus.com\/wp-content\/uploads\/shutterstock_1238496010-431x242.jpg 431w, https:\/\/vetus.com\/wp-content\/uploads\/shutterstock_1238496010-507x285.jpg 507w, https:\/\/vetus.com\/wp-content\/uploads\/shutterstock_1238496010-530x298.jpg 530w, https:\/\/vetus.com\/wp-content\/uploads\/shutterstock_1238496010-690x388.jpg 690w, https:\/\/vetus.com\/wp-content\/uploads\/shutterstock_1238496010-930x523.jpg 930w, https:\/\/vetus.com\/wp-content\/uploads\/shutterstock_1238496010-1170x658.jpg 1170w\" sizes=\"auto, (max-width: 1899.98px) 330px, 330px\" loading=\"lazy\" \/>        <\/div>\n        \n    <div class=\"card__bodyGroup\">\n                    <div class=\"card__text text-dark mb-4\">\n                <p>\n                    Specialfremstillede, p\u00e5lidelige ankringsl\u00f8sninger med et raffineret design, der matcher din <b>Superyacht.<\/b>                <\/p>\n            <\/div>\n                            <div class=\"card__actionGroup\">\n                <a class=\"btn btn-sm btn-outline-primary-group w-100 justify-content-center\" href=\"https:\/\/maxwellmarine.com\/product-category\/superyacht\/\" title=\"\">\n                    <span>\n                        Udforsk her                    <\/span>\n                    <i class=\"icon icon-keyboard_arrow_right\"><\/i>\n                <\/a>\n            <\/div>\n            <\/div>\n<\/div>                    <\/div>\n                                    <div class=\"col-12 col-md-6 col-xl-2\">\n                        \n<div class=\"card card--group px-3 py-5 d-flex flex-column\">\n    <div class=\" d-flex justify-content-center custom-aspect-logo2 mx-auto\">\n                 <span class=\"sr-only\">\n            Sikker ankring med fuld tillid        <\/span>\n    <\/div>\n\n            <div class=\"w-100\">\n            <img decoding=\"async\" width=\"2560\" height=\"1103\" src=\"https:\/\/vetus.com\/wp-content\/uploads\/shutterstock_139389128-3-scaled.png\" class=\"img-fluid d-block mx-auto custom-aspect my-2\" alt=\"\" srcset=\"https:\/\/vetus.com\/wp-content\/uploads\/shutterstock_139389128-3-scaled.png 2560w, https:\/\/vetus.com\/wp-content\/uploads\/shutterstock_139389128-3-300x129.png 300w, https:\/\/vetus.com\/wp-content\/uploads\/shutterstock_139389128-3-768x331.png 768w, https:\/\/vetus.com\/wp-content\/uploads\/shutterstock_139389128-3-210x91.png 210w, https:\/\/vetus.com\/wp-content\/uploads\/shutterstock_139389128-3-330x142.png 330w, https:\/\/vetus.com\/wp-content\/uploads\/shutterstock_139389128-3-431x186.png 431w, https:\/\/vetus.com\/wp-content\/uploads\/shutterstock_139389128-3-507x219.png 507w, https:\/\/vetus.com\/wp-content\/uploads\/shutterstock_139389128-3-530x228.png 530w, https:\/\/vetus.com\/wp-content\/uploads\/shutterstock_139389128-3-690x297.png 690w, https:\/\/vetus.com\/wp-content\/uploads\/shutterstock_139389128-3-930x401.png 930w, https:\/\/vetus.com\/wp-content\/uploads\/shutterstock_139389128-3-1170x504.png 1170w\" sizes=\"auto, (max-width: 1899.98px) 330px, 330px\" loading=\"lazy\" \/>        <\/div>\n        \n    <div class=\"card__bodyGroup\">\n                    <div class=\"card__text text-dark mb-4\">\n                <p>\n                    P\u00e5lidelige ankringssystemer til j\u00e6vn og sikker ydeevne p\u00e5 din motor- eller sejlb\u00e5d                <\/p>\n            <\/div>\n                            <div class=\"card__actionGroup\">\n                <a class=\"btn btn-sm btn-outline-primary-group w-100 justify-content-center\" href=\"https:\/\/vetus.com\/engineered-for-effortless-anchoring\/\" title=\"\">\n                    <span>\n                        Udforsk her                    <\/span>\n                    <i class=\"icon icon-keyboard_arrow_right\"><\/i>\n                <\/a>\n            <\/div>\n            <\/div>\n<\/div>                    <\/div>\n                            <\/div>\n        <\/div>\n    <\/div>\n<\/section><\/section>\n\n<section class=\"section section--colored bg-light content-blocks bg-light   mb-0\">\n    \n\n<section id=\"section-text-block-block_6ce13e424ec23bc578f5b5731b8cfddc\" class=\"section text-block  mb-0\">\n                    <div class=\"section section__body\">\n            <div class=\"text-block\">\n                <div class=\"container\">\n                    <div class=\"row\">\n                        <div class=\"col-lg-8 offset-lg-2\">\n                                                            <div class=\"section__content single__content hentry\">\n                                    <h3 data-start=\"2476\" data-end=\"2512\"><strong data-start=\"2480\" data-end=\"2510\">Global support verden over<\/strong><\/h3>\n<p data-start=\"2513\" data-end=\"2784\">Maxwell ankringssystemer underst\u00f8ttes af et st\u00e6rkt netv\u00e6rk af distribut\u00f8rer og servicecentre over hele verden. Uanset om du har brug for et spil leveret til fjerntliggende \u00f8er eller service i store yacht-knudepunkter, sikrer Maxwell hurtig support og rettidig levering.<\/p>\n<p data-start=\"2786\" data-end=\"2980\">Med distributionscentre i New Zealand, USA, Australien og Europa samt uddannede agenter i Europa, Asien, Afrika og Golfstaterne er du aldrig langt fra ekspertdele, reparationer eller r\u00e5dgivning.<\/p>\n                                <\/div>\n                            \n                                                            <div class=\"section__actions text-block__actions actions\">\n                                    <div class=\"btn-group d-flex flex-wrap justify-content-center\">\n                                                                                    <a href=\"https:\/\/vetus.com\/da\/find-forhandler\/\" class=\"btn btn-sm btn-empty btn-empty-primary\" title=\"\" target=\"_blank\">\n                                                <span>Find en forhandler n\u00e6r dig<\/span>\n                                            <\/a>\n                                        \n                                                                            <\/div>\n                                <\/div>\n                                                    <\/div>\n                    <\/div>\n                <\/div>\n            <\/div>\n        <\/div>\n    <\/section><\/section>","protected":false},"excerpt":{"rendered":"","protected":false},"author":20,"featured_media":0,"parent":0,"menu_order":0,"comment_status":"closed","ping_status":"closed","template":"tpl-home.php","meta":{"_acf_changed":false,"footnotes":""},"class_list":["post-121340","page","type-page","status-publish","hentry"],"acf":{"introduction":"Styr dit anker med p\u00e5lidelig og ubesv\u00e6ret kontrol under alle forhold","person":false,"title":"Sikker ankring med fuld tillid","button":{"title":"Superyacht","url":"https:\/\/maxwellmarine.com\/product-category\/superyacht\/","target":"_blank"},"button_secondary":{"title":"Motor & Sejl","url":"https:\/\/vetus.com\/engineered-for-effortless-anchoring\/","target":"_blank"},"video":"https:\/\/vetus.com\/wp-content\/uploads\/Maxwell_shortclip_NoosaMarine.mp4","background_image":false},"yoast_head":"<!-- This site is optimized with the Yoast SEO Premium plugin v27.4 (Yoast SEO v27.4) - https:\/\/yoast.com\/product\/yoast-seo-premium-wordpress\/ -->\n<title>Sikker forankring med Maxwell Marine<\/title>\n<meta name=\"description\" content=\"Slip og hent dit anker med fuld tryghed ved et tryk p\u00e5 en knap. Maxwell ankersystemer kombinerer styrke, p\u00e5lidelighed ...\" \/>\n<meta name=\"robots\" content=\"index, follow, max-snippet:-1, max-image-preview:large, max-video-preview:-1\" \/>\n<link rel=\"canonical\" href=\"https:\/\/vetus.com\/da\/sikker-forankring\/\" \/>\n<meta property=\"og:locale\" content=\"da_DK\" \/>\n<meta property=\"og:type\" content=\"article\" \/>\n<meta property=\"og:title\" content=\"Sikker ankring med fuld tillid\" \/>\n<meta property=\"og:description\" content=\"Slip og hent dit anker med fuld tryghed ved et tryk p\u00e5 en knap. Maxwell ankersystemer kombinerer styrke, p\u00e5lidelighed ...\" \/>\n<meta property=\"og:url\" content=\"https:\/\/vetus.com\/da\/sikker-forankring\/\" \/>\n<meta property=\"og:site_name\" content=\"VETUS\" \/>\n<meta property=\"article:modified_time\" content=\"2026-03-06T07:22:23+00:00\" \/>\n<meta name=\"twitter:card\" content=\"summary_large_image\" \/>\n<meta name=\"twitter:label1\" content=\"Estimeret l\u00e6setid\" \/>\n\t<meta name=\"twitter:data1\" content=\"3 minutter\" \/>\n<script type=\"application\/ld+json\" class=\"yoast-schema-graph\">{\"@context\":\"https:\\\/\\\/schema.org\",\"@graph\":[{\"@type\":\"WebPage\",\"@id\":\"https:\\\/\\\/vetus.com\\\/da\\\/sikker-forankring\\\/\",\"url\":\"https:\\\/\\\/vetus.com\\\/da\\\/sikker-forankring\\\/\",\"name\":\"Sikker forankring med Maxwell Marine\",\"isPartOf\":{\"@id\":\"https:\\\/\\\/vetus.com\\\/da\\\/#website\"},\"datePublished\":\"2025-11-06T14:06:26+00:00\",\"dateModified\":\"2026-03-06T07:22:23+00:00\",\"description\":\"Slip og hent dit anker med fuld tryghed ved et tryk p\u00e5 en knap. Maxwell ankersystemer kombinerer styrke, p\u00e5lidelighed ...\",\"breadcrumb\":{\"@id\":\"https:\\\/\\\/vetus.com\\\/da\\\/sikker-forankring\\\/#breadcrumb\"},\"inLanguage\":\"da-DK\",\"potentialAction\":[{\"@type\":\"ReadAction\",\"target\":[\"https:\\\/\\\/vetus.com\\\/da\\\/sikker-forankring\\\/\"]}]},{\"@type\":\"BreadcrumbList\",\"@id\":\"https:\\\/\\\/vetus.com\\\/da\\\/sikker-forankring\\\/#breadcrumb\",\"itemListElement\":[{\"@type\":\"ListItem\",\"position\":1,\"name\":\"Home\",\"item\":\"https:\\\/\\\/vetus.com\\\/da\\\/\"},{\"@type\":\"ListItem\",\"position\":2,\"name\":\"Sikker ankring med fuld tillid\"}]},{\"@type\":\"WebSite\",\"@id\":\"https:\\\/\\\/vetus.com\\\/da\\\/#website\",\"url\":\"https:\\\/\\\/vetus.com\\\/da\\\/\",\"name\":\"VETUS\",\"description\":\"\",\"potentialAction\":[{\"@type\":\"SearchAction\",\"target\":{\"@type\":\"EntryPoint\",\"urlTemplate\":\"https:\\\/\\\/vetus.com\\\/da\\\/?s={search_term_string}\"},\"query-input\":{\"@type\":\"PropertyValueSpecification\",\"valueRequired\":true,\"valueName\":\"search_term_string\"}}],\"inLanguage\":\"da-DK\"}]}<\/script>\n<!-- \/ Yoast SEO Premium plugin. -->","yoast_head_json":{"title":"Sikker forankring med Maxwell Marine","description":"Slip og hent dit anker med fuld tryghed ved et tryk p\u00e5 en knap. Maxwell ankersystemer kombinerer styrke, p\u00e5lidelighed ...","robots":{"index":"index","follow":"follow","max-snippet":"max-snippet:-1","max-image-preview":"max-image-preview:large","max-video-preview":"max-video-preview:-1"},"canonical":"https:\/\/vetus.com\/da\/sikker-forankring\/","og_locale":"da_DK","og_type":"article","og_title":"Sikker ankring med fuld tillid","og_description":"Slip og hent dit anker med fuld tryghed ved et tryk p\u00e5 en knap. Maxwell ankersystemer kombinerer styrke, p\u00e5lidelighed ...","og_url":"https:\/\/vetus.com\/da\/sikker-forankring\/","og_site_name":"VETUS","article_modified_time":"2026-03-06T07:22:23+00:00","twitter_card":"summary_large_image","twitter_misc":{"Estimeret l\u00e6setid":"3 minutter"},"schema":{"@context":"https:\/\/schema.org","@graph":[{"@type":"WebPage","@id":"https:\/\/vetus.com\/da\/sikker-forankring\/","url":"https:\/\/vetus.com\/da\/sikker-forankring\/","name":"Sikker forankring med Maxwell Marine","isPartOf":{"@id":"https:\/\/vetus.com\/da\/#website"},"datePublished":"2025-11-06T14:06:26+00:00","dateModified":"2026-03-06T07:22:23+00:00","description":"Slip og hent dit anker med fuld tryghed ved et tryk p\u00e5 en knap. Maxwell ankersystemer kombinerer styrke, p\u00e5lidelighed ...","breadcrumb":{"@id":"https:\/\/vetus.com\/da\/sikker-forankring\/#breadcrumb"},"inLanguage":"da-DK","potentialAction":[{"@type":"ReadAction","target":["https:\/\/vetus.com\/da\/sikker-forankring\/"]}]},{"@type":"BreadcrumbList","@id":"https:\/\/vetus.com\/da\/sikker-forankring\/#breadcrumb","itemListElement":[{"@type":"ListItem","position":1,"name":"Home","item":"https:\/\/vetus.com\/da\/"},{"@type":"ListItem","position":2,"name":"Sikker ankring med fuld tillid"}]},{"@type":"WebSite","@id":"https:\/\/vetus.com\/da\/#website","url":"https:\/\/vetus.com\/da\/","name":"VETUS","description":"","potentialAction":[{"@type":"SearchAction","target":{"@type":"EntryPoint","urlTemplate":"https:\/\/vetus.com\/da\/?s={search_term_string}"},"query-input":{"@type":"PropertyValueSpecification","valueRequired":true,"valueName":"search_term_string"}}],"inLanguage":"da-DK"}]}},"_links":{"self":[{"href":"https:\/\/vetus.com\/da\/wp-json\/wp\/v2\/pages\/121340","targetHints":{"allow":["GET"]}}],"collection":[{"href":"https:\/\/vetus.com\/da\/wp-json\/wp\/v2\/pages"}],"about":[{"href":"https:\/\/vetus.com\/da\/wp-json\/wp\/v2\/types\/page"}],"author":[{"embeddable":true,"href":"https:\/\/vetus.com\/da\/wp-json\/wp\/v2\/users\/20"}],"replies":[{"embeddable":true,"href":"https:\/\/vetus.com\/da\/wp-json\/wp\/v2\/comments?post=121340"}],"version-history":[{"count":4,"href":"https:\/\/vetus.com\/da\/wp-json\/wp\/v2\/pages\/121340\/revisions"}],"predecessor-version":[{"id":123146,"href":"https:\/\/vetus.com\/da\/wp-json\/wp\/v2\/pages\/121340\/revisions\/123146"}],"wp:attachment":[{"href":"https:\/\/vetus.com\/da\/wp-json\/wp\/v2\/media?parent=121340"}],"curies":[{"name":"wp","href":"https:\/\/api.w.org\/{rel}","templated":true}]}}