{"id":118273,"date":"2025-12-11T14:16:38","date_gmt":"2025-12-11T12:16:38","guid":{"rendered":"https:\/\/vetus.com\/?page_id=118273"},"modified":"2026-02-26T11:17:44","modified_gmt":"2026-02-26T09:17:44","slug":"bug-pro-rimdrive-thruster-integration-med-suzuki-paahaengsmotorer","status":"publish","type":"page","link":"https:\/\/vetus.com\/da\/bug-pro-rimdrive-thruster-integration-med-suzuki-paahaengsmotorer\/","title":{"rendered":"BOW PRO &amp; RIMDRIVE thrusterintegration med Suzuki p\u00e5h\u00e6ngsmotorer"},"content":{"rendered":"\n<section class=\"section  \">\n    \n\n<section id=\"section-text-block-block_0e0cec3c822493539233685b6cd8ab67\" class=\"section text-block \">\n                    <div class=\"section section__body\">\n            <div class=\"text-block\">\n                <div class=\"container\">\n                    <div class=\"row\">\n                        <div class=\"col-lg-8 offset-lg-2\">\n                                                            <div class=\"section__content single__content hentry\">\n                                    <p>VETUS tilbyder fuld integration af sine BOW PRO- og RIMDRIVE-thrustersystemer med Suzuki p\u00e5h\u00e6ngsmotorer med elektronisk styring samt Ultraflex Integra JS styre- og joystickkontroller. Denne integrerede l\u00f8sning muligg\u00f8r problemfri kommunikation mellem fremdrift, styring og thrustersystemer, s\u00e5 alle funktioner kan betjenes via \u00e9n enkelt joystickgr\u00e6nseflade.<\/p>\n                                <\/div>\n                            \n                                                    <\/div>\n                    <\/div>\n                <\/div>\n            <\/div>\n        <\/div>\n    <\/section><\/section>\n\n<section class=\"section section--colored bg-light content-blocks bg-light   \">\n    \n<section id=\"content-block-1-block_8693ec42d90e05a1fcfc42648d23c727\" class=\"section content-block content-block--image \">\n    <div class=\"container\">\n        <div class=\"row d-flex align-items-center\">\n\n            <div class=\"col-md-6 col-lg-7\">\n                                    <div class=\"content-block__visuals\">\n                        <div class=\"content-block__media media--clipped media ratio\">\n                            <div class=\"media__wrapper\">\n                                <img decoding=\"async\" width=\"690\" height=\"690\" src=\"https:\/\/vetus.com\/wp-content\/uploads\/bowpro300_front_up_product_1080x1080-690x690.jpg\" class=\"media__source img-fit\" alt=\"\" srcset=\"https:\/\/vetus.com\/wp-content\/uploads\/bowpro300_front_up_product_1080x1080-690x690.jpg 690w, https:\/\/vetus.com\/wp-content\/uploads\/bowpro300_front_up_product_1080x1080-300x300.jpg 300w, https:\/\/vetus.com\/wp-content\/uploads\/bowpro300_front_up_product_1080x1080-150x150.jpg 150w, https:\/\/vetus.com\/wp-content\/uploads\/bowpro300_front_up_product_1080x1080-768x768.jpg 768w, https:\/\/vetus.com\/wp-content\/uploads\/bowpro300_front_up_product_1080x1080-210x210.jpg 210w, https:\/\/vetus.com\/wp-content\/uploads\/bowpro300_front_up_product_1080x1080-330x330.jpg 330w, https:\/\/vetus.com\/wp-content\/uploads\/bowpro300_front_up_product_1080x1080-431x431.jpg 431w, https:\/\/vetus.com\/wp-content\/uploads\/bowpro300_front_up_product_1080x1080-507x507.jpg 507w, https:\/\/vetus.com\/wp-content\/uploads\/bowpro300_front_up_product_1080x1080-530x530.jpg 530w, https:\/\/vetus.com\/wp-content\/uploads\/bowpro300_front_up_product_1080x1080-930x930.jpg 930w, https:\/\/vetus.com\/wp-content\/uploads\/bowpro300_front_up_product_1080x1080.jpg 1080w\" sizes=\"auto, (max-width: 575.98px) 431px, (max-width: 767.98px) 530px, (max-width: 991.98px) 330px, (max-width: 1279.98px) 530px, (max-width: 1899.98px) 690px, 930px\" loading=\"lazy\" \/>                            <\/div>\n                        <\/div>\n                    <\/div>\n                            <\/div>\n\n            <div class=\"col-md-6 col-lg-4 offset-lg-1\">\n                <div class=\"content-block__body\">\n                    \n                    \n                                            <h3 data-start=\"482\" data-end=\"527\">Integreret kontrol for pr\u00e6cis man\u00f8vrering<\/h3>\n<p data-start=\"529\" data-end=\"892\">Det kombinerede system giver j\u00e6vn og proportional kontrol, som markant forbedrer h\u00e5ndteringen i situationer med begr\u00e6nset plads, s\u00e5som til- og fral\u00e6gning, smalle sejll\u00f8b og travle marinaer. Ved at koordinere motor-, styre- og thrusterinput via Ultraflex-joysticket opn\u00e5r f\u00f8reren forudsigelige reaktioner og raffineret man\u00f8vredygtighed. Systemet g\u00f8r det muligt at:<\/p>\n<ul data-start=\"894\" data-end=\"1082\">\n<li data-start=\"894\" data-end=\"953\">\n<p data-start=\"896\" data-end=\"953\">Flytte fart\u00f8jet sidel\u00e6ns, diagonalt, fremad eller bagud<\/p>\n<\/li>\n<li data-start=\"954\" data-end=\"1017\">\n<p data-start=\"956\" data-end=\"1017\">Rotere b\u00e5den omkring sin egen akse for pr\u00e6cis positionering<\/p>\n<\/li>\n<li data-start=\"1018\" data-end=\"1082\">\n<p data-start=\"1020\" data-end=\"1082\">Opretholde stabil kontrol i vind, str\u00f8m eller trange forhold<\/p>\n<\/li>\n<\/ul>\n<p data-start=\"1084\" data-end=\"1196\">Hver man\u00f8vre koordineres via \u00e9t joystick, hvilket forenkler betjeningen og reducerer f\u00f8rerens arbejdsbelastning.<\/p>\n                    \t\t\t\t\t\n                                    <\/div>\n            <\/div>\n        <\/div>\n    <\/div>\n<\/section>\n<section id=\"content-block-1-block_8693ec42d90e05a1fcfc42648d23c727\" class=\"section content-block content-block--image \">\n    <div class=\"container\">\n        <div class=\"row d-flex align-items-center flex-md-row-reverse\">\n\n            <div class=\"col-md-6 col-lg-7 offset-lg-1\">\n                                    <div class=\"content-block__visuals\">\n                        <div class=\"content-block__media media--clipped media ratio\">\n                            <div class=\"media__wrapper\">\n                                <img decoding=\"async\" width=\"690\" height=\"388\" src=\"https:\/\/vetus.com\/wp-content\/uploads\/bowpro300_full_product_1920x1080-690x388.jpg\" class=\"media__source img-fit\" alt=\"\" srcset=\"https:\/\/vetus.com\/wp-content\/uploads\/bowpro300_full_product_1920x1080-690x388.jpg 690w, https:\/\/vetus.com\/wp-content\/uploads\/bowpro300_full_product_1920x1080-300x169.jpg 300w, https:\/\/vetus.com\/wp-content\/uploads\/bowpro300_full_product_1920x1080-768x432.jpg 768w, https:\/\/vetus.com\/wp-content\/uploads\/bowpro300_full_product_1920x1080-210x118.jpg 210w, https:\/\/vetus.com\/wp-content\/uploads\/bowpro300_full_product_1920x1080-330x186.jpg 330w, https:\/\/vetus.com\/wp-content\/uploads\/bowpro300_full_product_1920x1080-431x242.jpg 431w, https:\/\/vetus.com\/wp-content\/uploads\/bowpro300_full_product_1920x1080-507x285.jpg 507w, https:\/\/vetus.com\/wp-content\/uploads\/bowpro300_full_product_1920x1080-530x298.jpg 530w, https:\/\/vetus.com\/wp-content\/uploads\/bowpro300_full_product_1920x1080-930x523.jpg 930w, https:\/\/vetus.com\/wp-content\/uploads\/bowpro300_full_product_1920x1080-1170x658.jpg 1170w, https:\/\/vetus.com\/wp-content\/uploads\/bowpro300_full_product_1920x1080.jpg 1920w\" sizes=\"auto, (max-width: 575.98px) 431px, (max-width: 767.98px) 530px, (max-width: 991.98px) 330px, (max-width: 1279.98px) 530px, (max-width: 1899.98px) 690px, 930px\" loading=\"lazy\" \/>                            <\/div>\n                        <\/div>\n                    <\/div>\n                            <\/div>\n\n            <div class=\"col-md-6 col-lg-4\">\n                <div class=\"content-block__body\">\n                    \n                    \n                                            <h3 data-start=\"1198\" data-end=\"1263\">Integration med Suzuki p\u00e5h\u00e6ngsmotorer med elektronisk styring<\/h3>\n<p data-start=\"1265\" data-end=\"1737\">Denne integration underst\u00f8tter Suzukis p\u00e5h\u00e6ngsmotormodeller med elektronisk styring, herunder de avancerede DF350AMD og DF300BMD, som begge er udstyret med integreret styring. Disse motorer arbejder problemfrit sammen med Ultraflex-joysticksystemet og VETUS-thrustere og sikrer pr\u00e6cis koordinering mellem fremdrifts- og man\u00f8vresystemer. Gennem Ultraflex Integra JS elektroniske servostyringsplatform styres motor- og thrusterkommandoer med h\u00f8j n\u00f8jagtighed og j\u00e6vn respons.<\/p>\n                    \t\t\t\t\t\n                                            <div class=\"content-block__actions actions\">\n                            <div class=\"btn-group d-flex flex-wrap justify-content-center justify-content-md-start\">\n                                <a href=\"https:\/\/www.suzukimarine.com\/news\/suzuki-marine-usa-announces-technology-collaboration-with-vetus\/\" class=\"btn btn-sm btn-empty btn-empty-primary\" title=\"\" target=\"_blank\">\n                                    <span>L\u00e6s mere hos Suzuki Marine<\/span>\n                                    <i class=\"icon icon-keyboard_arrow_right\"><\/i>\n                                <\/a>\n\n                                <!-- <a href=\"#\" class=\"btn btn-sm btn-empty btn-empty-primary\" title=\"\">\n                                    <span>Watch video<\/span>\n                                    <i class=\"icon icon-play_circle_outline\"><\/i>\n                                <\/a> -->\n                                <!-- <a href=\"#\" class=\"btn btn-sm btn-empty btn-empty-primary\" title=\"\">\n                                    <span>Innovation<\/span>\n                                    <i class=\"icon icon-keyboard_arrow_right\"><\/i>\n                                <\/a> -->\n                            <\/div>\n                        <\/div>\n                                    <\/div>\n            <\/div>\n        <\/div>\n    <\/div>\n<\/section><\/section>\n\n\n<section class=\"section  \">\n    \n\n<section id=\"section-text-block-block_7ddbce1db513efbd8af818603b81e546\" class=\"section text-block \">\n                    <div class=\"section section__body\">\n            <div class=\"text-block\">\n                <div class=\"container\">\n                    <div class=\"row\">\n                        <div class=\"col-lg-8 offset-lg-2\">\n                                                            <div class=\"section__content single__content hentry\">\n                                    <h3 data-start=\"1769\" data-end=\"1803\">Et teknologibaseret samarbejde<\/h3>\n<p data-start=\"1805\" data-end=\"1993\">De kombinerede teknologier fra VETUS, Suzuki og Ultraflex resulterer i et integreret kontrolsystem, der er udviklet til at \u00f8ge sikkerhed og effektivitet ved man\u00f8vrering p\u00e5 begr\u00e6nset plads:<\/p>\n<ul data-start=\"1995\" data-end=\"2282\">\n<li data-start=\"1995\" data-end=\"2070\">\n<p data-start=\"1997\" data-end=\"2070\">Problemfri kommunikation mellem thruster-, styre- og fremdriftssystemer<\/p>\n<\/li>\n<li data-start=\"2071\" data-end=\"2142\">\n<p data-start=\"2073\" data-end=\"2142\">J\u00e6vn og forudsigelig man\u00f8vredygtighed med avanceret joystickkontrol<\/p>\n<\/li>\n<li data-start=\"2143\" data-end=\"2208\">\n<p data-start=\"2145\" data-end=\"2208\">P\u00e5lidelig respons ved til- og fral\u00e6gning samt station-keeping<\/p>\n<\/li>\n<li data-start=\"2209\" data-end=\"2282\">\n<p data-start=\"2211\" data-end=\"2282\">Fleksibel kompatibilitet med b\u00e5de enkelt- og flermotorsinstallationer<\/p>\n<\/li>\n<\/ul>\n<p data-start=\"2284\" data-end=\"2416\">Dette samarbejde giver en markant forbedring af fart\u00f8jskontrollen uden at g\u00e5 p\u00e5 kompromis med brugervenlighed eller driftssikkerhed.<\/p>\n                                <\/div>\n                            \n                                                    <\/div>\n                    <\/div>\n                <\/div>\n            <\/div>\n        <\/div>\n    <\/section><\/section>\n\n<section class=\"section section--colored bg-light content-blocks bg-light   mb-0\">\n    \n\n<section id=\"section-text-block-block_52f12329b180e5628a59e0905e684dea\" class=\"section text-block  mb-0\">\n                    <div class=\"section section__body\">\n            <div class=\"text-block\">\n                <div class=\"container\">\n                    <div class=\"row\">\n                        <div class=\"col-lg-8 offset-lg-2\">\n                                                            <div class=\"section__content single__content hentry\">\n                                    <h3 data-start=\"2418\" data-end=\"2457\">P\u00e5lidelig kontrol p\u00e5 enhver sejlads<\/h3>\n<p data-start=\"2459\" data-end=\"2833\">Denne integrerede l\u00f8sning leverer j\u00e6vn, forudsigelig og intuitiv fart\u00f8jsh\u00e5ndtering og giver sejlere tryghed ved til- og fral\u00e6gning samt man\u00f8vrering p\u00e5 begr\u00e6nset plads. Med gennempr\u00f8vede teknologier, der arbejder sammen p\u00e5 tv\u00e6rs af en bred vifte af fart\u00f8jstyper, tilbyder VETUS p\u00e5lidelige og alsidige kontroll\u00f8sninger, der er tilpasset moderne behov inden for fritidssejlads.<\/p>\n                                <\/div>\n                            \n                                                            <div class=\"section__actions text-block__actions actions\">\n                                    <div class=\"btn-group d-flex flex-wrap justify-content-center\">\n                                                                                    <a href=\"https:\/\/vetus.com\/da\/bow-pro-thrustere\/#bodem\" class=\"btn btn-primary\" title=\"\" target=\"_blank\">\n                                                <span>Udforsk alle VETUS thrusterintegrationer<\/span>\n                                            <\/a>\n                                        \n                                                                            <\/div>\n                                <\/div>\n                                                    <\/div>\n                    <\/div>\n                <\/div>\n            <\/div>\n        <\/div>\n    <\/section><\/section>","protected":false},"excerpt":{"rendered":"","protected":false},"author":20,"featured_media":0,"parent":0,"menu_order":0,"comment_status":"closed","ping_status":"closed","template":"tpl-blog-large-header.php","meta":{"_acf_changed":false,"footnotes":""},"class_list":["post-118273","page","type-page","status-publish","hentry"],"acf":{"image":{"ID":118249,"id":118249,"title":"Suzuki-VETUS-Demo-scaled (1)","filename":"Suzuki-VETUS-Demo-scaled-1.jpg","filesize":756401,"url":"https:\/\/vetus.com\/wp-content\/uploads\/Suzuki-VETUS-Demo-scaled-1.jpg","link":"https:\/\/vetus.com\/da\/bug-pro-rimdrive-thruster-integration-med-suzuki-paahaengsmotorer\/suzuki-vetus-demo-scaled-1-2\/","alt":"","author":"20","description":"","caption":"","name":"suzuki-vetus-demo-scaled-1-2","status":"inherit","uploaded_to":118273,"date":"2025-12-11 11:33:06","modified":"2025-12-17 11:23:19","menu_order":0,"mime_type":"image\/jpeg","type":"image","subtype":"jpeg","icon":"https:\/\/vetus.com\/wp-includes\/images\/media\/default.png","width":2560,"height":1695,"sizes":{"thumbnail":"https:\/\/vetus.com\/wp-content\/uploads\/Suzuki-VETUS-Demo-scaled-1-150x150.jpg","thumbnail-width":150,"thumbnail-height":150,"medium":"https:\/\/vetus.com\/wp-content\/uploads\/Suzuki-VETUS-Demo-scaled-1-300x199.jpg","medium-width":300,"medium-height":199,"medium_large":"https:\/\/vetus.com\/wp-content\/uploads\/Suzuki-VETUS-Demo-scaled-1-768x509.jpg","medium_large-width":768,"medium_large-height":509,"large":"https:\/\/vetus.com\/wp-content\/uploads\/Suzuki-VETUS-Demo-scaled-1.jpg","large-width":1024,"large-height":678,"1536x1536":"https:\/\/vetus.com\/wp-content\/uploads\/Suzuki-VETUS-Demo-scaled-1.jpg","1536x1536-width":1536,"1536x1536-height":1017,"2048x2048":"https:\/\/vetus.com\/wp-content\/uploads\/Suzuki-VETUS-Demo-scaled-1.jpg","2048x2048-width":2048,"2048x2048-height":1356,"210w":"https:\/\/vetus.com\/wp-content\/uploads\/Suzuki-VETUS-Demo-scaled-1-210x139.jpg","210w-width":210,"210w-height":139,"330w":"https:\/\/vetus.com\/wp-content\/uploads\/Suzuki-VETUS-Demo-scaled-1-330x218.jpg","330w-width":330,"330w-height":218,"431w":"https:\/\/vetus.com\/wp-content\/uploads\/Suzuki-VETUS-Demo-scaled-1-431x285.jpg","431w-width":431,"431w-height":285,"507w":"https:\/\/vetus.com\/wp-content\/uploads\/Suzuki-VETUS-Demo-scaled-1-507x336.jpg","507w-width":507,"507w-height":336,"530w":"https:\/\/vetus.com\/wp-content\/uploads\/Suzuki-VETUS-Demo-scaled-1-530x351.jpg","530w-width":530,"530w-height":351,"690w":"https:\/\/vetus.com\/wp-content\/uploads\/Suzuki-VETUS-Demo-scaled-1-690x457.jpg","690w-width":690,"690w-height":457,"930w":"https:\/\/vetus.com\/wp-content\/uploads\/Suzuki-VETUS-Demo-scaled-1-930x616.jpg","930w-width":930,"930w-height":616,"1170w":"https:\/\/vetus.com\/wp-content\/uploads\/Suzuki-VETUS-Demo-scaled-1-1170x775.jpg","1170w-width":1170,"1170w-height":775,"gform-image-choice-sm":"https:\/\/vetus.com\/wp-content\/uploads\/Suzuki-VETUS-Demo-scaled-1.jpg","gform-image-choice-sm-width":300,"gform-image-choice-sm-height":199,"gform-image-choice-md":"https:\/\/vetus.com\/wp-content\/uploads\/Suzuki-VETUS-Demo-scaled-1.jpg","gform-image-choice-md-width":400,"gform-image-choice-md-height":265,"gform-image-choice-lg":"https:\/\/vetus.com\/wp-content\/uploads\/Suzuki-VETUS-Demo-scaled-1.jpg","gform-image-choice-lg-width":600,"gform-image-choice-lg-height":397}},"introduction":"","person":false,"title":"Smart integration for forbedret man\u00f8vredygtighed"},"yoast_head":"<!-- This site is optimized with the Yoast SEO Premium plugin v27.3 (Yoast SEO v27.3) - https:\/\/yoast.com\/product\/yoast-seo-premium-wordpress\/ -->\n<title>BOW PRO &amp; RIMDRIVE thrusterintegration med Suzuki p\u00e5h\u00e6ngsmotorer - VETUS<\/title>\n<meta name=\"description\" content=\"VETUS tilbyder fuld integration af sine BOW PRO- og RIMDRIVE-thrustersystemer med Suzuki p\u00e5h\u00e6ngsmotorer med elektronisk styring...\" \/>\n<meta name=\"robots\" content=\"index, follow, max-snippet:-1, max-image-preview:large, max-video-preview:-1\" \/>\n<link rel=\"canonical\" href=\"https:\/\/vetus.com\/da\/bug-pro-rimdrive-thruster-integration-med-suzuki-paahaengsmotorer\/\" \/>\n<meta property=\"og:locale\" content=\"da_DK\" \/>\n<meta property=\"og:type\" content=\"article\" \/>\n<meta property=\"og:title\" content=\"BOW PRO &amp; RIMDRIVE thrusterintegration med Suzuki p\u00e5h\u00e6ngsmotorer\" \/>\n<meta property=\"og:description\" content=\"VETUS tilbyder fuld integration af sine BOW PRO- og RIMDRIVE-thrustersystemer med Suzuki p\u00e5h\u00e6ngsmotorer med elektronisk styring...\" \/>\n<meta property=\"og:url\" content=\"https:\/\/vetus.com\/da\/bug-pro-rimdrive-thruster-integration-med-suzuki-paahaengsmotorer\/\" \/>\n<meta property=\"og:site_name\" content=\"VETUS\" \/>\n<meta property=\"article:modified_time\" content=\"2026-02-26T09:17:44+00:00\" \/>\n<meta name=\"twitter:card\" content=\"summary_large_image\" \/>\n<meta name=\"twitter:label1\" content=\"Estimeret l\u00e6setid\" \/>\n\t<meta name=\"twitter:data1\" content=\"3 minutter\" \/>\n<script type=\"application\/ld+json\" class=\"yoast-schema-graph\">{\"@context\":\"https:\\\/\\\/schema.org\",\"@graph\":[{\"@type\":\"WebPage\",\"@id\":\"https:\\\/\\\/vetus.com\\\/da\\\/bug-pro-rimdrive-thruster-integration-med-suzuki-paahaengsmotorer\\\/\",\"url\":\"https:\\\/\\\/vetus.com\\\/da\\\/bug-pro-rimdrive-thruster-integration-med-suzuki-paahaengsmotorer\\\/\",\"name\":\"BOW PRO &amp; RIMDRIVE thrusterintegration med Suzuki p\u00e5h\u00e6ngsmotorer - VETUS\",\"isPartOf\":{\"@id\":\"https:\\\/\\\/vetus.com\\\/da\\\/#website\"},\"datePublished\":\"2025-12-11T12:16:38+00:00\",\"dateModified\":\"2026-02-26T09:17:44+00:00\",\"description\":\"VETUS tilbyder fuld integration af sine BOW PRO- og RIMDRIVE-thrustersystemer med Suzuki p\u00e5h\u00e6ngsmotorer med elektronisk styring...\",\"breadcrumb\":{\"@id\":\"https:\\\/\\\/vetus.com\\\/da\\\/bug-pro-rimdrive-thruster-integration-med-suzuki-paahaengsmotorer\\\/#breadcrumb\"},\"inLanguage\":\"da-DK\",\"potentialAction\":[{\"@type\":\"ReadAction\",\"target\":[\"https:\\\/\\\/vetus.com\\\/da\\\/bug-pro-rimdrive-thruster-integration-med-suzuki-paahaengsmotorer\\\/\"]}]},{\"@type\":\"BreadcrumbList\",\"@id\":\"https:\\\/\\\/vetus.com\\\/da\\\/bug-pro-rimdrive-thruster-integration-med-suzuki-paahaengsmotorer\\\/#breadcrumb\",\"itemListElement\":[{\"@type\":\"ListItem\",\"position\":1,\"name\":\"Home\",\"item\":\"https:\\\/\\\/vetus.com\\\/da\\\/\"},{\"@type\":\"ListItem\",\"position\":2,\"name\":\"BOW PRO &amp; RIMDRIVE thrusterintegration med Suzuki p\u00e5h\u00e6ngsmotorer\"}]},{\"@type\":\"WebSite\",\"@id\":\"https:\\\/\\\/vetus.com\\\/da\\\/#website\",\"url\":\"https:\\\/\\\/vetus.com\\\/da\\\/\",\"name\":\"VETUS\",\"description\":\"\",\"potentialAction\":[{\"@type\":\"SearchAction\",\"target\":{\"@type\":\"EntryPoint\",\"urlTemplate\":\"https:\\\/\\\/vetus.com\\\/da\\\/?s={search_term_string}\"},\"query-input\":{\"@type\":\"PropertyValueSpecification\",\"valueRequired\":true,\"valueName\":\"search_term_string\"}}],\"inLanguage\":\"da-DK\"}]}<\/script>\n<!-- \/ Yoast SEO Premium plugin. -->","yoast_head_json":{"title":"BOW PRO &amp; RIMDRIVE thrusterintegration med Suzuki p\u00e5h\u00e6ngsmotorer - VETUS","description":"VETUS tilbyder fuld integration af sine BOW PRO- og RIMDRIVE-thrustersystemer med Suzuki p\u00e5h\u00e6ngsmotorer med elektronisk styring...","robots":{"index":"index","follow":"follow","max-snippet":"max-snippet:-1","max-image-preview":"max-image-preview:large","max-video-preview":"max-video-preview:-1"},"canonical":"https:\/\/vetus.com\/da\/bug-pro-rimdrive-thruster-integration-med-suzuki-paahaengsmotorer\/","og_locale":"da_DK","og_type":"article","og_title":"BOW PRO &amp; RIMDRIVE thrusterintegration med Suzuki p\u00e5h\u00e6ngsmotorer","og_description":"VETUS tilbyder fuld integration af sine BOW PRO- og RIMDRIVE-thrustersystemer med Suzuki p\u00e5h\u00e6ngsmotorer med elektronisk styring...","og_url":"https:\/\/vetus.com\/da\/bug-pro-rimdrive-thruster-integration-med-suzuki-paahaengsmotorer\/","og_site_name":"VETUS","article_modified_time":"2026-02-26T09:17:44+00:00","twitter_card":"summary_large_image","twitter_misc":{"Estimeret l\u00e6setid":"3 minutter"},"schema":{"@context":"https:\/\/schema.org","@graph":[{"@type":"WebPage","@id":"https:\/\/vetus.com\/da\/bug-pro-rimdrive-thruster-integration-med-suzuki-paahaengsmotorer\/","url":"https:\/\/vetus.com\/da\/bug-pro-rimdrive-thruster-integration-med-suzuki-paahaengsmotorer\/","name":"BOW PRO &amp; RIMDRIVE thrusterintegration med Suzuki p\u00e5h\u00e6ngsmotorer - VETUS","isPartOf":{"@id":"https:\/\/vetus.com\/da\/#website"},"datePublished":"2025-12-11T12:16:38+00:00","dateModified":"2026-02-26T09:17:44+00:00","description":"VETUS tilbyder fuld integration af sine BOW PRO- og RIMDRIVE-thrustersystemer med Suzuki p\u00e5h\u00e6ngsmotorer med elektronisk styring...","breadcrumb":{"@id":"https:\/\/vetus.com\/da\/bug-pro-rimdrive-thruster-integration-med-suzuki-paahaengsmotorer\/#breadcrumb"},"inLanguage":"da-DK","potentialAction":[{"@type":"ReadAction","target":["https:\/\/vetus.com\/da\/bug-pro-rimdrive-thruster-integration-med-suzuki-paahaengsmotorer\/"]}]},{"@type":"BreadcrumbList","@id":"https:\/\/vetus.com\/da\/bug-pro-rimdrive-thruster-integration-med-suzuki-paahaengsmotorer\/#breadcrumb","itemListElement":[{"@type":"ListItem","position":1,"name":"Home","item":"https:\/\/vetus.com\/da\/"},{"@type":"ListItem","position":2,"name":"BOW PRO &amp; RIMDRIVE thrusterintegration med Suzuki p\u00e5h\u00e6ngsmotorer"}]},{"@type":"WebSite","@id":"https:\/\/vetus.com\/da\/#website","url":"https:\/\/vetus.com\/da\/","name":"VETUS","description":"","potentialAction":[{"@type":"SearchAction","target":{"@type":"EntryPoint","urlTemplate":"https:\/\/vetus.com\/da\/?s={search_term_string}"},"query-input":{"@type":"PropertyValueSpecification","valueRequired":true,"valueName":"search_term_string"}}],"inLanguage":"da-DK"}]}},"_links":{"self":[{"href":"https:\/\/vetus.com\/da\/wp-json\/wp\/v2\/pages\/118273","targetHints":{"allow":["GET"]}}],"collection":[{"href":"https:\/\/vetus.com\/da\/wp-json\/wp\/v2\/pages"}],"about":[{"href":"https:\/\/vetus.com\/da\/wp-json\/wp\/v2\/types\/page"}],"author":[{"embeddable":true,"href":"https:\/\/vetus.com\/da\/wp-json\/wp\/v2\/users\/20"}],"replies":[{"embeddable":true,"href":"https:\/\/vetus.com\/da\/wp-json\/wp\/v2\/comments?post=118273"}],"version-history":[{"count":5,"href":"https:\/\/vetus.com\/da\/wp-json\/wp\/v2\/pages\/118273\/revisions"}],"predecessor-version":[{"id":122678,"href":"https:\/\/vetus.com\/da\/wp-json\/wp\/v2\/pages\/118273\/revisions\/122678"}],"wp:attachment":[{"href":"https:\/\/vetus.com\/da\/wp-json\/wp\/v2\/media?parent=118273"}],"curies":[{"name":"wp","href":"https:\/\/api.w.org\/{rel}","templated":true}]}}