{"id":115635,"date":"2025-10-02T10:54:36","date_gmt":"2025-10-02T08:54:36","guid":{"rendered":"https:\/\/vetus.com\/bow-pro-thruster-integration-with-cummins-inboards-and-glendinning\/"},"modified":"2026-02-26T12:10:42","modified_gmt":"2026-02-26T10:10:42","slug":"bow-pro-thruster-integration-med-cummins-indenbordsmotorer-og-glendinning","status":"publish","type":"page","link":"https:\/\/vetus.com\/da\/bow-pro-thruster-integration-med-cummins-indenbordsmotorer-og-glendinning\/","title":{"rendered":"BOW PRO thruster-integration med Cummins indenbords\u00admotorer og Glendinning ProPilot joystick"},"content":{"rendered":"\n<section class=\"section  \">\n    \n\n<section id=\"section-text-block-block_b7adadc1ad6ad63de18f4235922219f8\" class=\"section text-block \">\n                    <div class=\"section section__body\">\n            <div class=\"text-block\">\n                <div class=\"container\">\n                    <div class=\"row\">\n                        <div class=\"col-lg-8 offset-lg-2\">\n                                                            <div class=\"section__content single__content hentry\">\n                                    <p data-start=\"144\" data-end=\"381\">For at forbedre tilkoblingsoplevelsen for endnu flere sejlere har VETUS indg\u00e5et partnerskab med Cummins Marine og Glendinning og samlet BOW PRO thrustere, Cummins indenbordsmotorer og Glendinning ProPilot joystick i \u00e9t integreret system.<\/p>\n<p data-start=\"383\" data-end=\"550\">Systemet kombinerer motor- og thrusterstyring via \u00e9t brugervenligt joystick, hvilket g\u00f8r tilkobling og man\u00f8vrering p\u00e5 trange omr\u00e5der enklere, mere sikker og stressfri.<\/p>\n                                <\/div>\n                            \n                                                    <\/div>\n                    <\/div>\n                <\/div>\n            <\/div>\n        <\/div>\n    <\/section><\/section>\n\n<section class=\"section section--colored bg-light content-blocks bg-light   \">\n    \n<section id=\"content-block-1-block_2339949f3ab5da507c97b35bfe63fbcb\" class=\"section content-block content-block--image \">\n    <div class=\"container\">\n        <div class=\"row d-flex align-items-center\">\n\n            <div class=\"col-md-6 col-lg-7\">\n                                    <div class=\"content-block__visuals\">\n                        <div class=\"content-block__media media--clipped media ratio\">\n                            <div class=\"media__wrapper\">\n                                <img decoding=\"async\" width=\"690\" height=\"458\" src=\"https:\/\/vetus.com\/wp-content\/uploads\/ProPilot-Lifestyle-001-1-690x458.jpg\" class=\"media__source img-fit\" alt=\"\" srcset=\"https:\/\/vetus.com\/wp-content\/uploads\/ProPilot-Lifestyle-001-1-690x458.jpg 690w, https:\/\/vetus.com\/wp-content\/uploads\/ProPilot-Lifestyle-001-1-300x199.jpg 300w, https:\/\/vetus.com\/wp-content\/uploads\/ProPilot-Lifestyle-001-1-210x139.jpg 210w, https:\/\/vetus.com\/wp-content\/uploads\/ProPilot-Lifestyle-001-1-330x219.jpg 330w, https:\/\/vetus.com\/wp-content\/uploads\/ProPilot-Lifestyle-001-1-431x286.jpg 431w, https:\/\/vetus.com\/wp-content\/uploads\/ProPilot-Lifestyle-001-1-507x337.jpg 507w, https:\/\/vetus.com\/wp-content\/uploads\/ProPilot-Lifestyle-001-1-530x352.jpg 530w, https:\/\/vetus.com\/wp-content\/uploads\/ProPilot-Lifestyle-001-1.jpg 702w\" sizes=\"auto, (max-width: 575.98px) 431px, (max-width: 767.98px) 530px, (max-width: 991.98px) 330px, (max-width: 1279.98px) 530px, (max-width: 1899.98px) 690px, 930px\" loading=\"lazy\" \/>                            <\/div>\n                        <\/div>\n                    <\/div>\n                            <\/div>\n\n            <div class=\"col-md-6 col-lg-4 offset-lg-1\">\n                <div class=\"content-block__body\">\n                    \n                    \n                                            <h3 data-start=\"557\" data-end=\"599\">En ny \u00e6ra inden for tilkoblingskontrol<\/h3>\n<p data-start=\"601\" data-end=\"888\">N\u00e5r Cummins indenbordsmotorer, Glendinning ProPilot joystick og VETUS BOW PRO thrustere arbejder sammen, f\u00e5r sejlere enest\u00e5ende selvtillid og pr\u00e6cision ved roret. Denne kraftfulde integration forvandler selv de mest udfordrende tilkoblingssituationer til j\u00e6vne og kontrollerede man\u00f8vrer.<\/p>\n<ul data-start=\"890\" data-end=\"1352\">\n<li data-start=\"890\" data-end=\"1011\">\n<p data-start=\"892\" data-end=\"1011\"><strong data-start=\"892\" data-end=\"915\">Styr med selvtillid<\/strong> \u2013 F\u00f8r din b\u00e5d pr\u00e6cist derhen, hvor du \u00f8nsker det, med intuitiv enh\u00e5ndsbetjening via joystick.<\/p>\n<\/li>\n<li data-start=\"1012\" data-end=\"1130\">\n<p data-start=\"1014\" data-end=\"1130\"><strong data-start=\"1014\" data-end=\"1036\">Integreret ydeevne<\/strong> \u2013 Motorer og thrustere arbejder i perfekt samspil for fejlfri h\u00e5ndtering p\u00e5 trange omr\u00e5der.<\/p>\n<\/li>\n<li data-start=\"1131\" data-end=\"1234\">\n<p data-start=\"1133\" data-end=\"1234\"><strong data-start=\"1133\" data-end=\"1158\">Fuld bev\u00e6gelsesfrihed<\/strong> \u2013 Bev\u00e6g dig sidel\u00e6ns, drej p\u00e5 stedet eller man\u00f8vr\u00e9r diagonalt med lethed.<\/p>\n<\/li>\n<li data-start=\"1235\" data-end=\"1352\">\n<p data-start=\"1237\" data-end=\"1352\"><strong data-start=\"1237\" data-end=\"1265\">Intelligent effektivitet<\/strong> \u2013 Minimeret vandforstyrrelse sikrer mere sikker og rolig tilkobling i travle marinaer.<\/p>\n<\/li>\n<\/ul>\n                    \t\t\t\t\t\n                                    <\/div>\n            <\/div>\n        <\/div>\n    <\/div>\n<\/section>\n<section id=\"content-block-1-block_2339949f3ab5da507c97b35bfe63fbcb\" class=\"section content-block content-block--image \">\n    <div class=\"container\">\n        <div class=\"row d-flex align-items-center flex-md-row-reverse\">\n\n            <div class=\"col-md-6 col-lg-7 offset-lg-1\">\n                                    <div class=\"content-block__visuals\">\n                        <div class=\"content-block__media media--clipped media ratio\">\n                            <div class=\"media__wrapper\">\n                                <img decoding=\"async\" width=\"690\" height=\"460\" src=\"https:\/\/vetus.com\/wp-content\/uploads\/21522070321_07ed4e430a_c-690x460.png\" class=\"media__source img-fit\" alt=\"\" srcset=\"https:\/\/vetus.com\/wp-content\/uploads\/21522070321_07ed4e430a_c-690x460.png 690w, https:\/\/vetus.com\/wp-content\/uploads\/21522070321_07ed4e430a_c-300x200.png 300w, https:\/\/vetus.com\/wp-content\/uploads\/21522070321_07ed4e430a_c-768x512.png 768w, https:\/\/vetus.com\/wp-content\/uploads\/21522070321_07ed4e430a_c-210x140.png 210w, https:\/\/vetus.com\/wp-content\/uploads\/21522070321_07ed4e430a_c-330x220.png 330w, https:\/\/vetus.com\/wp-content\/uploads\/21522070321_07ed4e430a_c-431x287.png 431w, https:\/\/vetus.com\/wp-content\/uploads\/21522070321_07ed4e430a_c-507x338.png 507w, https:\/\/vetus.com\/wp-content\/uploads\/21522070321_07ed4e430a_c-530x353.png 530w, https:\/\/vetus.com\/wp-content\/uploads\/21522070321_07ed4e430a_c.png 800w\" sizes=\"auto, (max-width: 575.98px) 431px, (max-width: 767.98px) 530px, (max-width: 991.98px) 330px, (max-width: 1279.98px) 530px, (max-width: 1899.98px) 690px, 930px\" loading=\"lazy\" \/>                            <\/div>\n                        <\/div>\n                    <\/div>\n                            <\/div>\n\n            <div class=\"col-md-6 col-lg-4\">\n                <div class=\"content-block__body\">\n                    \n                    \n                                            <h3 data-start=\"1359\" data-end=\"1417\">Innovation inden for tilkobling med kraft og pr\u00e6cision<\/h3>\n<p data-start=\"1419\" data-end=\"1720\">Partnerskabet mellem VETUS, Cummins og Glendinning s\u00e6tter en ny standard for integreret marin styring. Ved at kombinere Cummins\u2019 indenbordskraft med Glendinnings ProPilot-teknologi og VETUS BOW PRO thrustere skabes en robust og fremtidssikret l\u00f8sning til sejlere, der kr\u00e6ver p\u00e5lidelighed og pr\u00e6cision.<\/p>\n<ul data-start=\"1722\" data-end=\"2133\">\n<li data-start=\"1722\" data-end=\"1828\">\n<p data-start=\"1724\" data-end=\"1828\">Fungerer problemfrit med hele BOW PRO-familien og sikrer bred kompatibilitet til forskellige b\u00e5dtyper.<\/p>\n<\/li>\n<li data-start=\"1829\" data-end=\"1941\">\n<p data-start=\"1831\" data-end=\"1941\">Enkel installation med direkte tilslutning til eksisterende Cummins helm controls via VETUS V-CAN-netv\u00e6rket.<\/p>\n<\/li>\n<li data-start=\"1942\" data-end=\"2024\">\n<p data-start=\"1944\" data-end=\"2024\">Skr\u00e6ddersyet ydeevne med fart\u00f8jsspecifik balancering via et enkelt PC-program.<\/p>\n<\/li>\n<li data-start=\"2025\" data-end=\"2133\">\n<p data-start=\"2027\" data-end=\"2133\">Underst\u00f8ttet af \u00e5rtiers maritim ingeni\u00f8rekspertise og et omfattende globalt service- og forhandlernetv\u00e6rk.<\/p>\n<\/li>\n<\/ul>\n                    \t\t\t\t\t\n                                    <\/div>\n            <\/div>\n        <\/div>\n    <\/div>\n<\/section><\/section>\n\n\n<section class=\"section  \">\n    \n\n<section id=\"section-text-block-block_8bf7160e26855189f121dbf5d6f789fa\" class=\"section text-block \">\n                    <div class=\"section section__body\">\n            <div class=\"text-block\">\n                <div class=\"container\">\n                    <div class=\"row\">\n                        <div class=\"col-lg-8 offset-lg-2\">\n                                                            <div class=\"section__content single__content hentry\">\n                                    <h3 data-start=\"2140\" data-end=\"2189\">Tag din tilkoblingsoplevelse til n\u00e6ste niveau<\/h3>\n<p data-start=\"2191\" data-end=\"2456\">N\u00e5r VETUS, Cummins Marine og Glendinning arbejder sammen, bliver man\u00f8vrering en naturlig del af sejladsen. Denne kraftfulde integration kombinerer p\u00e5lidelighed, avanceret kontrol og j\u00e6vn ydeevne og g\u00f8r enhver tilkoblingssituation til en tryg og ubesv\u00e6ret oplevelse.<\/p>\n                                <\/div>\n                            \n                                                            <div class=\"section__actions text-block__actions actions\">\n                                    <div class=\"btn-group d-flex flex-wrap justify-content-center\">\n                                                                                    <a href=\"https:\/\/vetus.com\/da\/bow-pro-thrustere\/\" class=\"btn btn-primary\" title=\"\" target=\"_blank\">\n                                                <span>Udforsk vores BOW PRO thrustere<\/span>\n                                            <\/a>\n                                        \n                                                                            <\/div>\n                                <\/div>\n                                                    <\/div>\n                    <\/div>\n                <\/div>\n            <\/div>\n        <\/div>\n    <\/section><\/section>","protected":false},"excerpt":{"rendered":"","protected":false},"author":20,"featured_media":0,"parent":0,"menu_order":0,"comment_status":"closed","ping_status":"closed","template":"tpl-blog-large-header.php","meta":{"_acf_changed":false,"footnotes":""},"class_list":["post-115635","page","type-page","status-publish","hentry"],"acf":{"image":{"ID":115605,"id":115605,"title":"ProPilot-Lifestyle-002","filename":"ProPilot-Lifestyle-002.jpg","filesize":71618,"url":"https:\/\/vetus.com\/wp-content\/uploads\/ProPilot-Lifestyle-002.jpg","link":"https:\/\/vetus.com\/da\/bow-pro-thruster-integration-med-cummins-indenbordsmotorer-og-glendinning\/propilot-lifestyle-002-2\/","alt":"","author":"20","description":"","caption":"","name":"propilot-lifestyle-002-2","status":"inherit","uploaded_to":115635,"date":"2025-10-03 06:51:22","modified":"2025-10-03 06:51:22","menu_order":0,"mime_type":"image\/jpeg","type":"image","subtype":"jpeg","icon":"https:\/\/vetus.com\/wp-includes\/images\/media\/default.png","width":798,"height":536,"sizes":{"thumbnail":"https:\/\/vetus.com\/wp-content\/uploads\/ProPilot-Lifestyle-002-150x150.jpg","thumbnail-width":150,"thumbnail-height":150,"medium":"https:\/\/vetus.com\/wp-content\/uploads\/ProPilot-Lifestyle-002-300x202.jpg","medium-width":300,"medium-height":202,"medium_large":"https:\/\/vetus.com\/wp-content\/uploads\/ProPilot-Lifestyle-002-768x516.jpg","medium_large-width":768,"medium_large-height":516,"large":"https:\/\/vetus.com\/wp-content\/uploads\/ProPilot-Lifestyle-002.jpg","large-width":798,"large-height":536,"1536x1536":"https:\/\/vetus.com\/wp-content\/uploads\/ProPilot-Lifestyle-002.jpg","1536x1536-width":798,"1536x1536-height":536,"2048x2048":"https:\/\/vetus.com\/wp-content\/uploads\/ProPilot-Lifestyle-002.jpg","2048x2048-width":798,"2048x2048-height":536,"210w":"https:\/\/vetus.com\/wp-content\/uploads\/ProPilot-Lifestyle-002-210x141.jpg","210w-width":210,"210w-height":141,"330w":"https:\/\/vetus.com\/wp-content\/uploads\/ProPilot-Lifestyle-002-330x222.jpg","330w-width":330,"330w-height":222,"431w":"https:\/\/vetus.com\/wp-content\/uploads\/ProPilot-Lifestyle-002-431x289.jpg","431w-width":431,"431w-height":289,"507w":"https:\/\/vetus.com\/wp-content\/uploads\/ProPilot-Lifestyle-002-507x341.jpg","507w-width":507,"507w-height":341,"530w":"https:\/\/vetus.com\/wp-content\/uploads\/ProPilot-Lifestyle-002-530x356.jpg","530w-width":530,"530w-height":356,"690w":"https:\/\/vetus.com\/wp-content\/uploads\/ProPilot-Lifestyle-002-690x463.jpg","690w-width":690,"690w-height":463,"930w":"https:\/\/vetus.com\/wp-content\/uploads\/ProPilot-Lifestyle-002.jpg","930w-width":798,"930w-height":536,"1170w":"https:\/\/vetus.com\/wp-content\/uploads\/ProPilot-Lifestyle-002.jpg","1170w-width":798,"1170w-height":536,"gform-image-choice-sm":"https:\/\/vetus.com\/wp-content\/uploads\/ProPilot-Lifestyle-002.jpg","gform-image-choice-sm-width":300,"gform-image-choice-sm-height":202,"gform-image-choice-md":"https:\/\/vetus.com\/wp-content\/uploads\/ProPilot-Lifestyle-002.jpg","gform-image-choice-md-width":400,"gform-image-choice-md-height":269,"gform-image-choice-lg":"https:\/\/vetus.com\/wp-content\/uploads\/ProPilot-Lifestyle-002.jpg","gform-image-choice-lg-width":600,"gform-image-choice-lg-height":403}},"introduction":"","person":false,"title":"Problemfri kraft for ubesv\u00e6ret tilkobling"},"yoast_head":"<!-- This site is optimized with the Yoast SEO Premium plugin v27.3 (Yoast SEO v27.3) - https:\/\/yoast.com\/product\/yoast-seo-premium-wordpress\/ -->\n<title>BOW PRO thruster-integration med Cummins indenbords\u00admotorer og Glendinning ProPilot joystick - VETUS<\/title>\n<meta name=\"description\" content=\"For at forbedre tilkoblingsoplevelsen for endnu flere sejlere har VETUS indg\u00e5et partnerskab med Cummins Marine og Glendinning og samlet...\" \/>\n<meta name=\"robots\" content=\"index, follow, max-snippet:-1, max-image-preview:large, max-video-preview:-1\" \/>\n<link rel=\"canonical\" href=\"https:\/\/vetus.com\/da\/bow-pro-thruster-integration-med-cummins-indenbordsmotorer-og-glendinning\/\" \/>\n<meta property=\"og:locale\" content=\"da_DK\" \/>\n<meta property=\"og:type\" content=\"article\" \/>\n<meta property=\"og:title\" content=\"BOW PRO thruster-integration med Cummins indenbords\u00admotorer og Glendinning ProPilot joystick\" \/>\n<meta property=\"og:description\" content=\"For at forbedre tilkoblingsoplevelsen for endnu flere sejlere har VETUS indg\u00e5et partnerskab med Cummins Marine og Glendinning og samlet...\" \/>\n<meta property=\"og:url\" content=\"https:\/\/vetus.com\/da\/bow-pro-thruster-integration-med-cummins-indenbordsmotorer-og-glendinning\/\" \/>\n<meta property=\"og:site_name\" content=\"VETUS\" \/>\n<meta property=\"article:modified_time\" content=\"2026-02-26T10:10:42+00:00\" \/>\n<meta name=\"twitter:card\" content=\"summary_large_image\" \/>\n<meta name=\"twitter:label1\" content=\"Estimeret l\u00e6setid\" \/>\n\t<meta name=\"twitter:data1\" content=\"3 minutter\" \/>\n<script type=\"application\/ld+json\" class=\"yoast-schema-graph\">{\"@context\":\"https:\\\/\\\/schema.org\",\"@graph\":[{\"@type\":\"WebPage\",\"@id\":\"https:\\\/\\\/vetus.com\\\/da\\\/bow-pro-thruster-integration-med-cummins-indenbordsmotorer-og-glendinning\\\/\",\"url\":\"https:\\\/\\\/vetus.com\\\/da\\\/bow-pro-thruster-integration-med-cummins-indenbordsmotorer-og-glendinning\\\/\",\"name\":\"BOW PRO thruster-integration med Cummins indenbords\u00admotorer og Glendinning ProPilot joystick - VETUS\",\"isPartOf\":{\"@id\":\"https:\\\/\\\/vetus.com\\\/da\\\/#website\"},\"datePublished\":\"2025-10-02T08:54:36+00:00\",\"dateModified\":\"2026-02-26T10:10:42+00:00\",\"description\":\"For at forbedre tilkoblingsoplevelsen for endnu flere sejlere har VETUS indg\u00e5et partnerskab med Cummins Marine og Glendinning og samlet...\",\"breadcrumb\":{\"@id\":\"https:\\\/\\\/vetus.com\\\/da\\\/bow-pro-thruster-integration-med-cummins-indenbordsmotorer-og-glendinning\\\/#breadcrumb\"},\"inLanguage\":\"da-DK\",\"potentialAction\":[{\"@type\":\"ReadAction\",\"target\":[\"https:\\\/\\\/vetus.com\\\/da\\\/bow-pro-thruster-integration-med-cummins-indenbordsmotorer-og-glendinning\\\/\"]}]},{\"@type\":\"BreadcrumbList\",\"@id\":\"https:\\\/\\\/vetus.com\\\/da\\\/bow-pro-thruster-integration-med-cummins-indenbordsmotorer-og-glendinning\\\/#breadcrumb\",\"itemListElement\":[{\"@type\":\"ListItem\",\"position\":1,\"name\":\"Home\",\"item\":\"https:\\\/\\\/vetus.com\\\/da\\\/\"},{\"@type\":\"ListItem\",\"position\":2,\"name\":\"BOW PRO thruster-integration med Cummins indenbords\u00admotorer og Glendinning ProPilot joystick\"}]},{\"@type\":\"WebSite\",\"@id\":\"https:\\\/\\\/vetus.com\\\/da\\\/#website\",\"url\":\"https:\\\/\\\/vetus.com\\\/da\\\/\",\"name\":\"VETUS\",\"description\":\"\",\"potentialAction\":[{\"@type\":\"SearchAction\",\"target\":{\"@type\":\"EntryPoint\",\"urlTemplate\":\"https:\\\/\\\/vetus.com\\\/da\\\/?s={search_term_string}\"},\"query-input\":{\"@type\":\"PropertyValueSpecification\",\"valueRequired\":true,\"valueName\":\"search_term_string\"}}],\"inLanguage\":\"da-DK\"}]}<\/script>\n<!-- \/ Yoast SEO Premium plugin. -->","yoast_head_json":{"title":"BOW PRO thruster-integration med Cummins indenbords\u00admotorer og Glendinning ProPilot joystick - VETUS","description":"For at forbedre tilkoblingsoplevelsen for endnu flere sejlere har VETUS indg\u00e5et partnerskab med Cummins Marine og Glendinning og samlet...","robots":{"index":"index","follow":"follow","max-snippet":"max-snippet:-1","max-image-preview":"max-image-preview:large","max-video-preview":"max-video-preview:-1"},"canonical":"https:\/\/vetus.com\/da\/bow-pro-thruster-integration-med-cummins-indenbordsmotorer-og-glendinning\/","og_locale":"da_DK","og_type":"article","og_title":"BOW PRO thruster-integration med Cummins indenbords\u00admotorer og Glendinning ProPilot joystick","og_description":"For at forbedre tilkoblingsoplevelsen for endnu flere sejlere har VETUS indg\u00e5et partnerskab med Cummins Marine og Glendinning og samlet...","og_url":"https:\/\/vetus.com\/da\/bow-pro-thruster-integration-med-cummins-indenbordsmotorer-og-glendinning\/","og_site_name":"VETUS","article_modified_time":"2026-02-26T10:10:42+00:00","twitter_card":"summary_large_image","twitter_misc":{"Estimeret l\u00e6setid":"3 minutter"},"schema":{"@context":"https:\/\/schema.org","@graph":[{"@type":"WebPage","@id":"https:\/\/vetus.com\/da\/bow-pro-thruster-integration-med-cummins-indenbordsmotorer-og-glendinning\/","url":"https:\/\/vetus.com\/da\/bow-pro-thruster-integration-med-cummins-indenbordsmotorer-og-glendinning\/","name":"BOW PRO thruster-integration med Cummins indenbords\u00admotorer og Glendinning ProPilot joystick - VETUS","isPartOf":{"@id":"https:\/\/vetus.com\/da\/#website"},"datePublished":"2025-10-02T08:54:36+00:00","dateModified":"2026-02-26T10:10:42+00:00","description":"For at forbedre tilkoblingsoplevelsen for endnu flere sejlere har VETUS indg\u00e5et partnerskab med Cummins Marine og Glendinning og samlet...","breadcrumb":{"@id":"https:\/\/vetus.com\/da\/bow-pro-thruster-integration-med-cummins-indenbordsmotorer-og-glendinning\/#breadcrumb"},"inLanguage":"da-DK","potentialAction":[{"@type":"ReadAction","target":["https:\/\/vetus.com\/da\/bow-pro-thruster-integration-med-cummins-indenbordsmotorer-og-glendinning\/"]}]},{"@type":"BreadcrumbList","@id":"https:\/\/vetus.com\/da\/bow-pro-thruster-integration-med-cummins-indenbordsmotorer-og-glendinning\/#breadcrumb","itemListElement":[{"@type":"ListItem","position":1,"name":"Home","item":"https:\/\/vetus.com\/da\/"},{"@type":"ListItem","position":2,"name":"BOW PRO thruster-integration med Cummins indenbords\u00admotorer og Glendinning ProPilot joystick"}]},{"@type":"WebSite","@id":"https:\/\/vetus.com\/da\/#website","url":"https:\/\/vetus.com\/da\/","name":"VETUS","description":"","potentialAction":[{"@type":"SearchAction","target":{"@type":"EntryPoint","urlTemplate":"https:\/\/vetus.com\/da\/?s={search_term_string}"},"query-input":{"@type":"PropertyValueSpecification","valueRequired":true,"valueName":"search_term_string"}}],"inLanguage":"da-DK"}]}},"_links":{"self":[{"href":"https:\/\/vetus.com\/da\/wp-json\/wp\/v2\/pages\/115635","targetHints":{"allow":["GET"]}}],"collection":[{"href":"https:\/\/vetus.com\/da\/wp-json\/wp\/v2\/pages"}],"about":[{"href":"https:\/\/vetus.com\/da\/wp-json\/wp\/v2\/types\/page"}],"author":[{"embeddable":true,"href":"https:\/\/vetus.com\/da\/wp-json\/wp\/v2\/users\/20"}],"replies":[{"embeddable":true,"href":"https:\/\/vetus.com\/da\/wp-json\/wp\/v2\/comments?post=115635"}],"version-history":[{"count":5,"href":"https:\/\/vetus.com\/da\/wp-json\/wp\/v2\/pages\/115635\/revisions"}],"predecessor-version":[{"id":122691,"href":"https:\/\/vetus.com\/da\/wp-json\/wp\/v2\/pages\/115635\/revisions\/122691"}],"wp:attachment":[{"href":"https:\/\/vetus.com\/da\/wp-json\/wp\/v2\/media?parent=115635"}],"curies":[{"name":"wp","href":"https:\/\/api.w.org\/{rel}","templated":true}]}}