{"id":106743,"date":"2025-05-14T15:48:07","date_gmt":"2025-05-14T13:48:07","guid":{"rendered":"https:\/\/vetus.com\/vetus-campaigns\/vetus-m-line-repowering-kit-for-volvo-penta-saildrives\/"},"modified":"2026-03-27T16:00:08","modified_gmt":"2026-03-27T14:00:08","slug":"vetus-m-line-opgraderingssaet-til-volvo-penta-saildrives","status":"publish","type":"page","link":"https:\/\/vetus.com\/da\/vetus-campaigns\/vetus-m-line-opgraderingssaet-til-volvo-penta-saildrives\/","title":{"rendered":"VETUS M-Line opgraderingss\u00e6t til Volvo Penta Saildrives"},"content":{"rendered":"\n<section class=\"section  \">\n    \n\n<section id=\"section-text-block-block_98282e6c235439ec6590b320edaed427\" class=\"section text-block \">\n                    <div class=\"section section__body\">\n            <div class=\"text-block\">\n                <div class=\"container\">\n                    <div class=\"row\">\n                        <div class=\"col-lg-8 offset-lg-2\">\n                                                            <div class=\"section__content single__content hentry\">\n                                    <h4>M-LINE marinedieselmotor med vandk\u00f8let d\u00e6ksel \u2013 ogs\u00e5 egnet til Volvo Penta 110S og 120S(B) Saildrives<\/h4>\n<p>Hvis din sejlb\u00e5d er udstyret med en \u00e6ldre Volvo Penta-motor og en 110S, 120S eller 120SB saildrive, tilbyder VETUS en smart og fremtidssikret l\u00f8sning. Med VETUS-tilslutningss\u00e6ttet kan du nemt installere en ny M-LINE marinemotor p\u00e5 din eksisterende Volvo Saildrive \u2013 uden \u00e6ndringer p\u00e5 skroget.<\/p>\n<p>Download den fulde kompatibilitetstabel for Volvo Penta Saildrives og VETUS M-LINE motorer <strong><a href=\"https:\/\/vetus.com\/wp-content\/uploads\/Saildrive-table.pdf\" target=\"_blank\" rel=\"noopener\">her (PDF)<\/a><\/strong>.<\/p>\n<p>Designet til nutidens krav kombinerer VETUS <a href=\"https:\/\/webshop.vetus.com\/en\/products\/engines\/m-line-engines\" target=\"_blank\" rel=\"noopener\">M-LINE<\/a> st\u00f8jsvag drift med forbedret br\u00e6ndstof\u00f8konomi og underst\u00f8ttelse af renere br\u00e6ndstoffer som <a href=\"https:\/\/vetus.com\/vetus-campaigns\/d-line-and-m-line-on-hvo-fuel\/\" target=\"_blank\" rel=\"noopener\">HVO<\/a>. Det integrerede vandk\u00f8lede d\u00e6ksel reducerer ikke kun st\u00f8jen i motorrummet, men bidrager ogs\u00e5 til termisk effektivitet. Kombineret med vores skr\u00e6ddersyede adapters\u00e6t er det en smart m\u00e5de at opgradere ydeevnen p\u00e5 og samtidig bevare dit eksisterende saildrivesystem.<\/p>\n                                <\/div>\n                            \n                                                            <div class=\"section__actions text-block__actions actions\">\n                                    <div class=\"btn-group d-flex flex-wrap justify-content-center\">\n                                                                                    <a href=\"https:\/\/vetus.com\/wp-content\/uploads\/Saildrive-table.pdf\" class=\"btn btn-secondary\" title=\"\" target=\"_blank\">\n                                                <span>Download kompatibilitetstabel<\/span>\n                                            <\/a>\n                                        \n                                                                                    <a href=\"https:\/\/webshop.vetus.com\/en\/products\/engines\/m-line-engines\" class=\"btn btn-primary\" title=\"\" target=\"_blank\">\n                                                <span>Opdag vores M-LINE-motorer<\/span>\n                                            <\/a>\n                                                                            <\/div>\n                                <\/div>\n                                                    <\/div>\n                    <\/div>\n                <\/div>\n            <\/div>\n        <\/div>\n    <\/section><\/section>\n\n<section class=\"section section--colored bg-light content-blocks bg-light   \">\n    \n<section id=\"content-block-1-block_c3b8a5998d45531288f05d2aa7846c3c\" class=\"section content-block content-block--image \">\n    <div class=\"container\">\n        <div class=\"row d-flex align-items-center flex-md-row-reverse\">\n\n            <div class=\"col-md-6 col-lg-7 offset-lg-1\">\n                                    <div class=\"content-block__visuals\">\n                        <div class=\"content-block__media media--clipped media ratio\">\n                            <div class=\"media__wrapper\">\n                                <img decoding=\"async\" width=\"690\" height=\"460\" src=\"https:\/\/vetus.com\/wp-content\/uploads\/PNG-DSC07594-690x460.png\" class=\"media__source img-fit\" alt=\"\" srcset=\"https:\/\/vetus.com\/wp-content\/uploads\/PNG-DSC07594-690x460.png 690w, https:\/\/vetus.com\/wp-content\/uploads\/PNG-DSC07594-300x200.png 300w, https:\/\/vetus.com\/wp-content\/uploads\/PNG-DSC07594-768x512.png 768w, https:\/\/vetus.com\/wp-content\/uploads\/PNG-DSC07594-210x140.png 210w, https:\/\/vetus.com\/wp-content\/uploads\/PNG-DSC07594-330x220.png 330w, https:\/\/vetus.com\/wp-content\/uploads\/PNG-DSC07594-431x287.png 431w, https:\/\/vetus.com\/wp-content\/uploads\/PNG-DSC07594-507x338.png 507w, https:\/\/vetus.com\/wp-content\/uploads\/PNG-DSC07594-530x353.png 530w, https:\/\/vetus.com\/wp-content\/uploads\/PNG-DSC07594-930x620.png 930w, https:\/\/vetus.com\/wp-content\/uploads\/PNG-DSC07594-1170x780.png 1170w\" sizes=\"auto, (max-width: 575.98px) 431px, (max-width: 767.98px) 530px, (max-width: 991.98px) 330px, (max-width: 1279.98px) 530px, (max-width: 1899.98px) 690px, 930px\" loading=\"lazy\" \/>                            <\/div>\n                        <\/div>\n                    <\/div>\n                            <\/div>\n\n            <div class=\"col-md-6 col-lg-4\">\n                <div class=\"content-block__body\">\n                    \n                    \n                                            <h3>Hvorfor v\u00e6lge VETUS til opgradering af din sejlb\u00e5d?<\/h3>\n<p>&nbsp;<\/p>\n<ul>\n<li><strong>S\u00f8ml\u00f8s integration<\/strong><br \/>\nVores tilslutningss\u00e6t sikrer perfekt pasform mellem VETUS M-LINE-motorer og din eksisterende Volvo Saildrive \u2013 uden behov for dyre \u00e6ndringer p\u00e5 skroget.<\/li>\n<li><strong>Moderne ydeevne<\/strong><br \/>\nOpgrader til en p\u00e5lidelig, br\u00e6ndstofeffektiv og lavemissions marinedieselmotor, der lever op til nutidens standarder.<\/li>\n<li><strong>Omkostningseffektiv l\u00f8sning<\/strong><br \/>\nUndg\u00e5 omkostningerne ved at udskifte hele fremdriftssystemet ved at bevare dit eksisterende saildrive.<\/li>\n<li><strong>Eksperthj\u00e6lp<\/strong><br \/>\nVores netv\u00e6rk af forhandlere og teknikere st\u00e5r klar til at hj\u00e6lpe dig gennem hele opgraderingsprocessen.<\/li>\n<\/ul>\n                    \t\t\t\t\t\n                                    <\/div>\n            <\/div>\n        <\/div>\n    <\/div>\n<\/section><\/section>\n\n\n<section class=\"section  \">\n    \n<section id=\"content-block-1-block_60d719e6d75dc162c4fb49284295d343\" class=\"section content-block content-block--image \">\n    <div class=\"container\">\n        <div class=\"row d-flex align-items-center\">\n\n            <div class=\"col-md-6 col-lg-7\">\n                                    <div class=\"content-block__visuals\">\n                        <div class=\"content-block__media media--clipped media ratio\">\n                            <div class=\"media__wrapper\">\n                                <img decoding=\"async\" width=\"690\" height=\"552\" src=\"https:\/\/vetus.com\/wp-content\/uploads\/M-LINE-Saildrive-FLEXOFOLD_2-690x552.png\" class=\"media__source img-fit\" alt=\"M-LINE Marine Diesel Engine with water-cooled cover also suitable for Volvo Penta 110S and 120S(B) Saildrives\" srcset=\"https:\/\/vetus.com\/wp-content\/uploads\/M-LINE-Saildrive-FLEXOFOLD_2-690x552.png 690w, https:\/\/vetus.com\/wp-content\/uploads\/M-LINE-Saildrive-FLEXOFOLD_2-300x240.png 300w, https:\/\/vetus.com\/wp-content\/uploads\/M-LINE-Saildrive-FLEXOFOLD_2-768x615.png 768w, https:\/\/vetus.com\/wp-content\/uploads\/M-LINE-Saildrive-FLEXOFOLD_2-210x168.png 210w, https:\/\/vetus.com\/wp-content\/uploads\/M-LINE-Saildrive-FLEXOFOLD_2-330x264.png 330w, https:\/\/vetus.com\/wp-content\/uploads\/M-LINE-Saildrive-FLEXOFOLD_2-431x345.png 431w, https:\/\/vetus.com\/wp-content\/uploads\/M-LINE-Saildrive-FLEXOFOLD_2-507x406.png 507w, https:\/\/vetus.com\/wp-content\/uploads\/M-LINE-Saildrive-FLEXOFOLD_2-530x424.png 530w, https:\/\/vetus.com\/wp-content\/uploads\/M-LINE-Saildrive-FLEXOFOLD_2-930x744.png 930w, https:\/\/vetus.com\/wp-content\/uploads\/M-LINE-Saildrive-FLEXOFOLD_2-1170x936.png 1170w\" sizes=\"auto, (max-width: 575.98px) 431px, (max-width: 767.98px) 530px, (max-width: 991.98px) 330px, (max-width: 1279.98px) 530px, (max-width: 1899.98px) 690px, 930px\" loading=\"lazy\" \/>                            <\/div>\n                        <\/div>\n                    <\/div>\n                            <\/div>\n\n            <div class=\"col-md-6 col-lg-4 offset-lg-1\">\n                <div class=\"content-block__body\">\n                    \n                    \n                                            <h3>Overvejelser om saildrive ved opgradering af din sejlb\u00e5d<\/h3>\n<p>I mods\u00e6tning til traditionelle akseldrev giver saildrives j\u00e6vnere fremdrift, mindre vibrationer og bedre br\u00e6ndstof\u00f8konomi. Disse egenskaber er is\u00e6r v\u00e6rdsat af sejlere, der s\u00e6tter pris p\u00e5 st\u00f8jsvag og p\u00e5lidelig ydeevne. N\u00e5r du opgraderer din sejlb\u00e5d, er det et ideelt tidspunkt at inspicere og vedligeholde dit saildrive. Denne vigtige komponent i dit fremdriftssystem spiller en stor rolle i, hvor glat og stille b\u00e5den sejler. Ved at tage dig af sliddele som pakninger, beslag eller membranen nu, undg\u00e5r du fremtidige vedligeholdelsesproblemer og sikrer, at din nye motor yder sit bedste.<\/p>\n<p><span class=\"relative -mx-px my-[-0.2rem] rounded px-px py-[0.2rem] transition-colors duration-100 ease-in-out\">Derudover er det vigtigt at kontrollere udvekslingsforholdet i dit saildrive, da \u00e6ldre modeller som 110S med 1.66:1-gear muligvis ikke matcher moderne h\u00f8jtydende motorer optimalt.<\/span> <span class=\"relative -mx-px my-[-0.2rem] rounded px-px py-[0.2rem] transition-colors duration-100 ease-in-out\">Vores VETUS-eksperter kan vurdere din ops\u00e6tning og anbefale den rette propel eller tilpasning for at sikre optimal integration og ydeevne.<\/span><\/p>\n<p>Hvis dit Volvo saildrive skal udskiftes, tilbyder VETUS matchende saildrives designet til s\u00f8ml\u00f8s integration med din nye motor.<\/p>\n                    \t\t\t\t\t\n                                    <\/div>\n            <\/div>\n        <\/div>\n    <\/div>\n<\/section>\n\n<section id=\"section-text-block-block_60d719e6d75dc162c4fb49284295d343\" class=\"section text-block \">\n                    <div class=\"section section__body\">\n            <div class=\"text-block\">\n                <div class=\"container\">\n                    <div class=\"row\">\n                        <div class=\"col-lg-8 offset-lg-2\">\n                                                            <div class=\"section__content single__content hentry\">\n                                    <h4 data-start=\"166\" data-end=\"203\"><strong data-start=\"166\" data-end=\"203\">Klar til at opgradere med selvtillid?<\/strong><\/h4>\n<p class=\"\" data-start=\"205\" data-end=\"577\">Det kr\u00e6ver ikke en komplet udskiftning at modernisere sejlb\u00e5dens fremdriftssystem. VETUS tilbyder en smart l\u00f8sning \u2013 med avanceret M-LINE-motorteknologi og skr\u00e6ddersyede adapters\u00e6t til Volvo Penta saildrives. For personlig r\u00e5dgivning og professionel installation st\u00e5r vores internationale netv\u00e6rk af VETUS-forhandlere og teknikere klar til at hj\u00e6lpe dig hele vejen.<\/p>\n<h4 data-start=\"205\" data-end=\"577\">Ekspertr\u00e5dgivning \u2013 uanset hvor du sejler<\/h4>\n<p>Det er lettere at opgradere din sejlb\u00e5d med den rette hj\u00e6lp. Vores erfarne VETUS-team hj\u00e6lper dig med at v\u00e6lge den ideelle M-LINE marinemotor og sikre en problemfri tilslutning til din Volvo Penta saildrive. Vi matcher dig med en p\u00e5lidelig lokal forhandler eller tekniker fra vores globale netv\u00e6rk.<\/p>\n                                <\/div>\n                            \n                                                            <div class=\"section__actions text-block__actions actions\">\n                                    <div class=\"btn-group d-flex flex-wrap justify-content-center\">\n                                                                                    <a href=\"https:\/\/vetus.com\/sailboat-repowering-quote\/\" class=\"btn btn-secondary\" title=\"\" target=\"_blank\">\n                                                <span>Opgrader din sejlb\u00e5d nu<\/span>\n                                            <\/a>\n                                        \n                                                                                    <a href=\"https:\/\/vetus.com\/sailboat-expert-advise-request\/\" class=\"btn btn-primary\" title=\"\" target=\"_blank\">\n                                                <span>F\u00e5 ekspertr\u00e5dgivning f\u00f8rst<\/span>\n                                            <\/a>\n                                                                            <\/div>\n                                <\/div>\n                                                    <\/div>\n                    <\/div>\n                <\/div>\n            <\/div>\n        <\/div>\n    <\/section><\/section>\n","protected":false},"excerpt":{"rendered":"","protected":false},"author":25,"featured_media":41087,"parent":32266,"menu_order":0,"comment_status":"closed","ping_status":"closed","template":"tpl-home.php","meta":{"_acf_changed":false,"footnotes":""},"class_list":["post-106743","page","type-page","status-publish","has-post-thumbnail","hentry"],"acf":{"button":"","button_secondary":"","introduction":"","person":false,"title":"VETUS M-Line opgraderingss\u00e6t til Volvo Penta Saildrives","yellow_button":{"title":"","url":"","target":"","0":""},"video":false,"background_image":{"ID":106138,"id":106138,"title":"shutterstock_139389128 (3)","filename":"shutterstock_139389128-3-1-scaled.png","filesize":1225729,"url":"https:\/\/vetus.com\/wp-content\/uploads\/shutterstock_139389128-3-1-scaled.png","link":"https:\/\/vetus.com\/da\/vetus-campaigns\/vetus-m-line-opgraderingssaet-til-volvo-penta-saildrives\/shutterstock_139389128-3-2-2\/","alt":"","author":"25","description":"","caption":"","name":"shutterstock_139389128-3-2-2","status":"inherit","uploaded_to":106743,"date":"2025-05-13 11:51:24","modified":"2025-05-13 11:51:24","menu_order":0,"mime_type":"image\/png","type":"image","subtype":"png","icon":"https:\/\/vetus.com\/wp-includes\/images\/media\/default.png","width":2560,"height":1103,"sizes":{"thumbnail":"https:\/\/vetus.com\/wp-content\/uploads\/shutterstock_139389128-3-1-150x150.png","thumbnail-width":150,"thumbnail-height":150,"medium":"https:\/\/vetus.com\/wp-content\/uploads\/shutterstock_139389128-3-1-300x129.png","medium-width":300,"medium-height":129,"medium_large":"https:\/\/vetus.com\/wp-content\/uploads\/shutterstock_139389128-3-1-768x331.png","medium_large-width":768,"medium_large-height":331,"large":"https:\/\/vetus.com\/wp-content\/uploads\/shutterstock_139389128-3-1-scaled.png","large-width":1024,"large-height":441,"1536x1536":"https:\/\/vetus.com\/wp-content\/uploads\/shutterstock_139389128-3-1-scaled.png","1536x1536-width":1536,"1536x1536-height":662,"2048x2048":"https:\/\/vetus.com\/wp-content\/uploads\/shutterstock_139389128-3-1-scaled.png","2048x2048-width":2048,"2048x2048-height":882,"210w":"https:\/\/vetus.com\/wp-content\/uploads\/shutterstock_139389128-3-1-210x91.png","210w-width":210,"210w-height":91,"330w":"https:\/\/vetus.com\/wp-content\/uploads\/shutterstock_139389128-3-1-330x142.png","330w-width":330,"330w-height":142,"431w":"https:\/\/vetus.com\/wp-content\/uploads\/shutterstock_139389128-3-1-431x186.png","431w-width":431,"431w-height":186,"507w":"https:\/\/vetus.com\/wp-content\/uploads\/shutterstock_139389128-3-1-507x219.png","507w-width":507,"507w-height":219,"530w":"https:\/\/vetus.com\/wp-content\/uploads\/shutterstock_139389128-3-1-530x228.png","530w-width":530,"530w-height":228,"690w":"https:\/\/vetus.com\/wp-content\/uploads\/shutterstock_139389128-3-1-690x297.png","690w-width":690,"690w-height":297,"930w":"https:\/\/vetus.com\/wp-content\/uploads\/shutterstock_139389128-3-1-930x401.png","930w-width":930,"930w-height":401,"1170w":"https:\/\/vetus.com\/wp-content\/uploads\/shutterstock_139389128-3-1-1170x504.png","1170w-width":1170,"1170w-height":504,"gform-image-choice-sm":"https:\/\/vetus.com\/wp-content\/uploads\/shutterstock_139389128-3-1-scaled.png","gform-image-choice-sm-width":300,"gform-image-choice-sm-height":129,"gform-image-choice-md":"https:\/\/vetus.com\/wp-content\/uploads\/shutterstock_139389128-3-1-scaled.png","gform-image-choice-md-width":400,"gform-image-choice-md-height":172,"gform-image-choice-lg":"https:\/\/vetus.com\/wp-content\/uploads\/shutterstock_139389128-3-1-scaled.png","gform-image-choice-lg-width":600,"gform-image-choice-lg-height":259}}},"yoast_head":"<!-- This site is optimized with the Yoast SEO Premium plugin v27.3 (Yoast SEO v27.3) - https:\/\/yoast.com\/product\/yoast-seo-premium-wordpress\/ -->\n<title>VETUS M-Line opgraderingss\u00e6t til Volvo Penta Saildrives - VETUS<\/title>\n<meta name=\"description\" content=\"M-LINE marinedieselmotor med vandk\u00f8let d\u00e6ksel \u2013 ogs\u00e5 egnet til Volvo Penta 110S og 120S(B) Saildrives ....\" \/>\n<meta name=\"robots\" content=\"index, follow, max-snippet:-1, max-image-preview:large, max-video-preview:-1\" \/>\n<link rel=\"canonical\" href=\"https:\/\/vetus.com\/da\/vetus-campaigns\/vetus-m-line-opgraderingssaet-til-volvo-penta-saildrives\/\" \/>\n<meta property=\"og:locale\" content=\"da_DK\" \/>\n<meta property=\"og:type\" content=\"article\" \/>\n<meta property=\"og:title\" content=\"VETUS M-Line opgraderingss\u00e6t til Volvo Penta Saildrives\" \/>\n<meta property=\"og:description\" content=\"M-LINE marinedieselmotor med vandk\u00f8let d\u00e6ksel \u2013 ogs\u00e5 egnet til Volvo Penta 110S og 120S(B) Saildrives ....\" \/>\n<meta property=\"og:url\" content=\"https:\/\/vetus.com\/da\/vetus-campaigns\/vetus-m-line-opgraderingssaet-til-volvo-penta-saildrives\/\" \/>\n<meta property=\"og:site_name\" content=\"VETUS\" \/>\n<meta property=\"article:modified_time\" content=\"2026-03-27T14:00:08+00:00\" \/>\n<meta property=\"og:image\" content=\"https:\/\/vetus.com\/wp-content\/uploads\/Anchoring-boating-scaled.jpg\" \/>\n\t<meta property=\"og:image:width\" content=\"2560\" \/>\n\t<meta property=\"og:image:height\" content=\"1703\" \/>\n\t<meta property=\"og:image:type\" content=\"image\/jpeg\" \/>\n<meta name=\"twitter:card\" content=\"summary_large_image\" \/>\n<meta name=\"twitter:label1\" content=\"Estimeret l\u00e6setid\" \/>\n\t<meta name=\"twitter:data1\" content=\"3 minutter\" \/>\n<script type=\"application\/ld+json\" class=\"yoast-schema-graph\">{\"@context\":\"https:\\\/\\\/schema.org\",\"@graph\":[{\"@type\":\"WebPage\",\"@id\":\"https:\\\/\\\/vetus.com\\\/da\\\/vetus-campaigns\\\/vetus-m-line-opgraderingssaet-til-volvo-penta-saildrives\\\/\",\"url\":\"https:\\\/\\\/vetus.com\\\/da\\\/vetus-campaigns\\\/vetus-m-line-opgraderingssaet-til-volvo-penta-saildrives\\\/\",\"name\":\"VETUS M-Line opgraderingss\u00e6t til Volvo Penta Saildrives - VETUS\",\"isPartOf\":{\"@id\":\"https:\\\/\\\/vetus.com\\\/da\\\/#website\"},\"primaryImageOfPage\":{\"@id\":\"https:\\\/\\\/vetus.com\\\/da\\\/vetus-campaigns\\\/vetus-m-line-opgraderingssaet-til-volvo-penta-saildrives\\\/#primaryimage\"},\"image\":{\"@id\":\"https:\\\/\\\/vetus.com\\\/da\\\/vetus-campaigns\\\/vetus-m-line-opgraderingssaet-til-volvo-penta-saildrives\\\/#primaryimage\"},\"thumbnailUrl\":\"https:\\\/\\\/vetus.com\\\/wp-content\\\/uploads\\\/Anchoring-boating-scaled.jpg\",\"datePublished\":\"2025-05-14T13:48:07+00:00\",\"dateModified\":\"2026-03-27T14:00:08+00:00\",\"description\":\"M-LINE marinedieselmotor med vandk\u00f8let d\u00e6ksel \u2013 ogs\u00e5 egnet til Volvo Penta 110S og 120S(B) Saildrives ....\",\"breadcrumb\":{\"@id\":\"https:\\\/\\\/vetus.com\\\/da\\\/vetus-campaigns\\\/vetus-m-line-opgraderingssaet-til-volvo-penta-saildrives\\\/#breadcrumb\"},\"inLanguage\":\"da-DK\",\"potentialAction\":[{\"@type\":\"ReadAction\",\"target\":[\"https:\\\/\\\/vetus.com\\\/da\\\/vetus-campaigns\\\/vetus-m-line-opgraderingssaet-til-volvo-penta-saildrives\\\/\"]}]},{\"@type\":\"ImageObject\",\"inLanguage\":\"da-DK\",\"@id\":\"https:\\\/\\\/vetus.com\\\/da\\\/vetus-campaigns\\\/vetus-m-line-opgraderingssaet-til-volvo-penta-saildrives\\\/#primaryimage\",\"url\":\"https:\\\/\\\/vetus.com\\\/wp-content\\\/uploads\\\/Anchoring-boating-scaled.jpg\",\"contentUrl\":\"https:\\\/\\\/vetus.com\\\/wp-content\\\/uploads\\\/Anchoring-boating-scaled.jpg\",\"width\":2560,\"height\":1703},{\"@type\":\"BreadcrumbList\",\"@id\":\"https:\\\/\\\/vetus.com\\\/da\\\/vetus-campaigns\\\/vetus-m-line-opgraderingssaet-til-volvo-penta-saildrives\\\/#breadcrumb\",\"itemListElement\":[{\"@type\":\"ListItem\",\"position\":1,\"name\":\"Home\",\"item\":\"https:\\\/\\\/vetus.com\\\/da\\\/\"},{\"@type\":\"ListItem\",\"position\":2,\"name\":\"VETUS Campaigns\",\"item\":\"https:\\\/\\\/vetus.com\\\/da\\\/vetus-campaigns\\\/\"},{\"@type\":\"ListItem\",\"position\":3,\"name\":\"VETUS M-Line opgraderingss\u00e6t til Volvo Penta Saildrives\"}]},{\"@type\":\"WebSite\",\"@id\":\"https:\\\/\\\/vetus.com\\\/da\\\/#website\",\"url\":\"https:\\\/\\\/vetus.com\\\/da\\\/\",\"name\":\"VETUS\",\"description\":\"\",\"potentialAction\":[{\"@type\":\"SearchAction\",\"target\":{\"@type\":\"EntryPoint\",\"urlTemplate\":\"https:\\\/\\\/vetus.com\\\/da\\\/?s={search_term_string}\"},\"query-input\":{\"@type\":\"PropertyValueSpecification\",\"valueRequired\":true,\"valueName\":\"search_term_string\"}}],\"inLanguage\":\"da-DK\"}]}<\/script>\n<!-- \/ Yoast SEO Premium plugin. -->","yoast_head_json":{"title":"VETUS M-Line opgraderingss\u00e6t til Volvo Penta Saildrives - VETUS","description":"M-LINE marinedieselmotor med vandk\u00f8let d\u00e6ksel \u2013 ogs\u00e5 egnet til Volvo Penta 110S og 120S(B) Saildrives ....","robots":{"index":"index","follow":"follow","max-snippet":"max-snippet:-1","max-image-preview":"max-image-preview:large","max-video-preview":"max-video-preview:-1"},"canonical":"https:\/\/vetus.com\/da\/vetus-campaigns\/vetus-m-line-opgraderingssaet-til-volvo-penta-saildrives\/","og_locale":"da_DK","og_type":"article","og_title":"VETUS M-Line opgraderingss\u00e6t til Volvo Penta Saildrives","og_description":"M-LINE marinedieselmotor med vandk\u00f8let d\u00e6ksel \u2013 ogs\u00e5 egnet til Volvo Penta 110S og 120S(B) Saildrives ....","og_url":"https:\/\/vetus.com\/da\/vetus-campaigns\/vetus-m-line-opgraderingssaet-til-volvo-penta-saildrives\/","og_site_name":"VETUS","article_modified_time":"2026-03-27T14:00:08+00:00","og_image":[{"width":2560,"height":1703,"url":"https:\/\/vetus.com\/wp-content\/uploads\/Anchoring-boating-scaled.jpg","type":"image\/jpeg"}],"twitter_card":"summary_large_image","twitter_misc":{"Estimeret l\u00e6setid":"3 minutter"},"schema":{"@context":"https:\/\/schema.org","@graph":[{"@type":"WebPage","@id":"https:\/\/vetus.com\/da\/vetus-campaigns\/vetus-m-line-opgraderingssaet-til-volvo-penta-saildrives\/","url":"https:\/\/vetus.com\/da\/vetus-campaigns\/vetus-m-line-opgraderingssaet-til-volvo-penta-saildrives\/","name":"VETUS M-Line opgraderingss\u00e6t til Volvo Penta Saildrives - VETUS","isPartOf":{"@id":"https:\/\/vetus.com\/da\/#website"},"primaryImageOfPage":{"@id":"https:\/\/vetus.com\/da\/vetus-campaigns\/vetus-m-line-opgraderingssaet-til-volvo-penta-saildrives\/#primaryimage"},"image":{"@id":"https:\/\/vetus.com\/da\/vetus-campaigns\/vetus-m-line-opgraderingssaet-til-volvo-penta-saildrives\/#primaryimage"},"thumbnailUrl":"https:\/\/vetus.com\/wp-content\/uploads\/Anchoring-boating-scaled.jpg","datePublished":"2025-05-14T13:48:07+00:00","dateModified":"2026-03-27T14:00:08+00:00","description":"M-LINE marinedieselmotor med vandk\u00f8let d\u00e6ksel \u2013 ogs\u00e5 egnet til Volvo Penta 110S og 120S(B) Saildrives ....","breadcrumb":{"@id":"https:\/\/vetus.com\/da\/vetus-campaigns\/vetus-m-line-opgraderingssaet-til-volvo-penta-saildrives\/#breadcrumb"},"inLanguage":"da-DK","potentialAction":[{"@type":"ReadAction","target":["https:\/\/vetus.com\/da\/vetus-campaigns\/vetus-m-line-opgraderingssaet-til-volvo-penta-saildrives\/"]}]},{"@type":"ImageObject","inLanguage":"da-DK","@id":"https:\/\/vetus.com\/da\/vetus-campaigns\/vetus-m-line-opgraderingssaet-til-volvo-penta-saildrives\/#primaryimage","url":"https:\/\/vetus.com\/wp-content\/uploads\/Anchoring-boating-scaled.jpg","contentUrl":"https:\/\/vetus.com\/wp-content\/uploads\/Anchoring-boating-scaled.jpg","width":2560,"height":1703},{"@type":"BreadcrumbList","@id":"https:\/\/vetus.com\/da\/vetus-campaigns\/vetus-m-line-opgraderingssaet-til-volvo-penta-saildrives\/#breadcrumb","itemListElement":[{"@type":"ListItem","position":1,"name":"Home","item":"https:\/\/vetus.com\/da\/"},{"@type":"ListItem","position":2,"name":"VETUS Campaigns","item":"https:\/\/vetus.com\/da\/vetus-campaigns\/"},{"@type":"ListItem","position":3,"name":"VETUS M-Line opgraderingss\u00e6t til Volvo Penta Saildrives"}]},{"@type":"WebSite","@id":"https:\/\/vetus.com\/da\/#website","url":"https:\/\/vetus.com\/da\/","name":"VETUS","description":"","potentialAction":[{"@type":"SearchAction","target":{"@type":"EntryPoint","urlTemplate":"https:\/\/vetus.com\/da\/?s={search_term_string}"},"query-input":{"@type":"PropertyValueSpecification","valueRequired":true,"valueName":"search_term_string"}}],"inLanguage":"da-DK"}]}},"_links":{"self":[{"href":"https:\/\/vetus.com\/da\/wp-json\/wp\/v2\/pages\/106743","targetHints":{"allow":["GET"]}}],"collection":[{"href":"https:\/\/vetus.com\/da\/wp-json\/wp\/v2\/pages"}],"about":[{"href":"https:\/\/vetus.com\/da\/wp-json\/wp\/v2\/types\/page"}],"author":[{"embeddable":true,"href":"https:\/\/vetus.com\/da\/wp-json\/wp\/v2\/users\/25"}],"replies":[{"embeddable":true,"href":"https:\/\/vetus.com\/da\/wp-json\/wp\/v2\/comments?post=106743"}],"version-history":[{"count":3,"href":"https:\/\/vetus.com\/da\/wp-json\/wp\/v2\/pages\/106743\/revisions"}],"predecessor-version":[{"id":106746,"href":"https:\/\/vetus.com\/da\/wp-json\/wp\/v2\/pages\/106743\/revisions\/106746"}],"up":[{"embeddable":true,"href":"https:\/\/vetus.com\/da\/wp-json\/wp\/v2\/pages\/32266"}],"wp:featuredmedia":[{"embeddable":true,"href":"https:\/\/vetus.com\/da\/wp-json\/wp\/v2\/media\/41087"}],"wp:attachment":[{"href":"https:\/\/vetus.com\/da\/wp-json\/wp\/v2\/media?parent=106743"}],"curies":[{"name":"wp","href":"https:\/\/api.w.org\/{rel}","templated":true}]}}