{"id":101568,"date":"2025-02-26T16:42:13","date_gmt":"2025-02-26T14:42:13","guid":{"rendered":"https:\/\/vetus.com\/bow-pro-thruster-integration-with-honda-outboards-ultraflex-controls\/"},"modified":"2026-02-26T14:27:35","modified_gmt":"2026-02-26T12:27:35","slug":"bov-propel-integration-med-honda-paahaengsmotorer-og-ultraflex-betjening","status":"publish","type":"page","link":"https:\/\/vetus.com\/da\/bov-propel-integration-med-honda-paahaengsmotorer-og-ultraflex-betjening\/","title":{"rendered":"BOW PRO Thruster-integration med Honda p\u00e5h\u00e6ngsmotorer &amp; Ultraflex-betjening"},"content":{"rendered":"\n<section class=\"section  \">\n    \n\n<section id=\"section-text-block-block_7354545544e34c2566c81106bdf8150d\" class=\"section text-block \">\n                    <div class=\"section section__body\">\n            <div class=\"text-block\">\n                <div class=\"container\">\n                    <div class=\"row\">\n                        <div class=\"col-lg-8 offset-lg-2\">\n                                                            <div class=\"section__content single__content hentry\">\n                                    <p data-start=\"134\" data-end=\"362\">For at udvide integrationsprogrammet og forbedre sejloplevelsen for endnu flere brugere samarbejder VETUS nu med Honda Marine og Ultraflex om fuld integration af BOW PRO thrustere med Honda p\u00e5h\u00e6ngsmotorer og Ultraflex-betjening.<\/p>\n<p data-start=\"364\" data-end=\"628\">Dette samarbejde introducerer et optimeret kommunikationssystem, der problemfrit forbinder din motor, styring og bovpropel i \u00e9n brugervenlig joystick-betjening og forvandler til- og fral\u00e6gning samt man\u00f8vrering p\u00e5 trange omr\u00e5der til en glidende og ubesv\u00e6ret proces.<\/p>\n                                <\/div>\n                            \n                                                    <\/div>\n                    <\/div>\n                <\/div>\n            <\/div>\n        <\/div>\n    <\/section>\n<section id=\"content-block-1-block_7354545544e34c2566c81106bdf8150d\" class=\"section content-block content-block--image \">\n    <div class=\"container\">\n        <div class=\"row d-flex align-items-center\">\n\n            <div class=\"col-md-6 col-lg-7\">\n                                    <div class=\"content-block__visuals\">\n                        <div class=\"content-block__media media--clipped media ratio\">\n                            <div class=\"media__wrapper\">\n                                <img decoding=\"async\" width=\"690\" height=\"457\" src=\"https:\/\/vetus.com\/wp-content\/uploads\/DSC_0752-690x457.jpg\" class=\"media__source img-fit\" alt=\"\" srcset=\"https:\/\/vetus.com\/wp-content\/uploads\/DSC_0752-690x457.jpg 690w, https:\/\/vetus.com\/wp-content\/uploads\/DSC_0752-300x199.jpg 300w, https:\/\/vetus.com\/wp-content\/uploads\/DSC_0752-768x509.jpg 768w, https:\/\/vetus.com\/wp-content\/uploads\/DSC_0752-210x139.jpg 210w, https:\/\/vetus.com\/wp-content\/uploads\/DSC_0752-330x219.jpg 330w, https:\/\/vetus.com\/wp-content\/uploads\/DSC_0752-431x285.jpg 431w, https:\/\/vetus.com\/wp-content\/uploads\/DSC_0752-507x336.jpg 507w, https:\/\/vetus.com\/wp-content\/uploads\/DSC_0752-530x351.jpg 530w, https:\/\/vetus.com\/wp-content\/uploads\/DSC_0752-930x616.jpg 930w, https:\/\/vetus.com\/wp-content\/uploads\/DSC_0752-1170x775.jpg 1170w\" sizes=\"auto, (max-width: 575.98px) 431px, (max-width: 767.98px) 530px, (max-width: 991.98px) 330px, (max-width: 1279.98px) 530px, (max-width: 1899.98px) 690px, 930px\" loading=\"lazy\" \/>                            <\/div>\n                        <\/div>\n                    <\/div>\n                            <\/div>\n\n            <div class=\"col-md-6 col-lg-4 offset-lg-1\">\n                <div class=\"content-block__body\">\n                                            <h3 class=\"content-block__title\">\n                            Fremtidens til- og fral\u00e6gning er her                        <\/h3>\n                    \n                    \n                                            <p data-start=\"677\" data-end=\"922\">Sejlere kan nu man\u00f8vrere med fuld selvtillid og pr\u00e6cision i enhver havnesituation. Integrationen af Honda p\u00e5h\u00e6ngsmotorer, Ultraflex-betjening og VETUS BOW PRO thrustere sikrer ubesv\u00e6ret b\u00e5dh\u00e5ndtering \u2013 selv i de mest komplekse anl\u00f8bssituationer.<\/p>\n<ul data-start=\"924\" data-end=\"1441\">\n<li data-start=\"924\" data-end=\"1033\">\n<p data-start=\"926\" data-end=\"1033\"><strong data-start=\"926\" data-end=\"958\">Fuld kontrol lige ved h\u00e5nden<\/strong> \u2013 Man\u00f8vr\u00e9r din b\u00e5d pr\u00e6cis, som du \u00f8nsker det, med n\u00f8jagtighed og lethed.<\/p>\n<\/li>\n<li data-start=\"1034\" data-end=\"1167\">\n<p data-start=\"1036\" data-end=\"1167\"><strong data-start=\"1036\" data-end=\"1062\">Problemfri integration<\/strong> \u2013 Perfekt synkronisering mellem Honda p\u00e5h\u00e6ngsmotor og VETUS thruster for overlegen dockingperformance.<\/p>\n<\/li>\n<li data-start=\"1168\" data-end=\"1290\">\n<p data-start=\"1170\" data-end=\"1290\"><strong data-start=\"1170\" data-end=\"1193\">Ubesv\u00e6ret bev\u00e6gelse<\/strong> \u2013 Bev\u00e6g b\u00e5den sidel\u00e6ns, diagonalt, fremad, bagud eller roter p\u00e5 stedet med \u00e9n enkelt joystick.<\/p>\n<\/li>\n<li data-start=\"1291\" data-end=\"1441\">\n<p data-start=\"1293\" data-end=\"1441\"><strong data-start=\"1293\" data-end=\"1342\">Optimeret effektivitet ved til- og fral\u00e6gning<\/strong> \u2013 Reducerer vandbev\u00e6gelsen fra p\u00e5h\u00e6ngsmotorer og g\u00f8r man\u00f8vrering i trange havne endnu mere smidig.<\/p>\n<\/li>\n<\/ul>\n                    \t\t\t\t\t\n                                    <\/div>\n            <\/div>\n        <\/div>\n    <\/div>\n<\/section>\n<section id=\"content-block-1-block_7354545544e34c2566c81106bdf8150d\" class=\"section content-block content-block--image \">\n    <div class=\"container\">\n        <div class=\"row d-flex align-items-center flex-md-row-reverse\">\n\n            <div class=\"col-md-6 col-lg-7 offset-lg-1\">\n                                    <div class=\"content-block__visuals\">\n                        <div class=\"content-block__media media--clipped media ratio\">\n                            <div class=\"media__wrapper\">\n                                <img decoding=\"async\" width=\"690\" height=\"457\" src=\"https:\/\/vetus.com\/wp-content\/uploads\/DSC_0765-690x457.jpg\" class=\"media__source img-fit\" alt=\"\" srcset=\"https:\/\/vetus.com\/wp-content\/uploads\/DSC_0765-690x457.jpg 690w, https:\/\/vetus.com\/wp-content\/uploads\/DSC_0765-300x199.jpg 300w, https:\/\/vetus.com\/wp-content\/uploads\/DSC_0765-768x509.jpg 768w, https:\/\/vetus.com\/wp-content\/uploads\/DSC_0765-210x139.jpg 210w, https:\/\/vetus.com\/wp-content\/uploads\/DSC_0765-330x219.jpg 330w, https:\/\/vetus.com\/wp-content\/uploads\/DSC_0765-431x285.jpg 431w, https:\/\/vetus.com\/wp-content\/uploads\/DSC_0765-507x336.jpg 507w, https:\/\/vetus.com\/wp-content\/uploads\/DSC_0765-530x351.jpg 530w, https:\/\/vetus.com\/wp-content\/uploads\/DSC_0765-930x616.jpg 930w, https:\/\/vetus.com\/wp-content\/uploads\/DSC_0765-1170x775.jpg 1170w\" sizes=\"auto, (max-width: 575.98px) 431px, (max-width: 767.98px) 530px, (max-width: 991.98px) 330px, (max-width: 1279.98px) 530px, (max-width: 1899.98px) 690px, 930px\" loading=\"lazy\" \/>                            <\/div>\n                        <\/div>\n                    <\/div>\n                            <\/div>\n\n            <div class=\"col-md-6 col-lg-4\">\n                <div class=\"content-block__body\">\n                                            <h3 class=\"content-block__title\">\n                            Et h\u00f8jtydende, teknologibaseret samarbejde                        <\/h3>\n                    \n                    \n                                            <p data-start=\"1496\" data-end=\"1857\">Dette strategiske partnerskab mellem VETUS, Honda og Ultraflex repr\u00e6senterer et markant fremskridt inden for b\u00e5dteknologi. Ved at kombinere styrken og driftssikkerheden fra Honda Marine, den avancerede kontrol fra Ultraflex og den banebrydende ydeevne fra VETUS BOW PRO thrustere kan sejlere nu opleve en hidtil uset sikkerhed og tryghed ved til- og fral\u00e6gning.<\/p>\n<ul data-start=\"1859\" data-end=\"2207\">\n<li data-start=\"1859\" data-end=\"1957\">\n<p data-start=\"1861\" data-end=\"1957\">Alle BOW PRO (BOWA &amp; BOWB) og RIMDRIVE thrustere er fuldt kompatible med Honda p\u00e5h\u00e6ngsmotorer.<\/p>\n<\/li>\n<li data-start=\"1958\" data-end=\"2079\">\n<p data-start=\"1960\" data-end=\"2079\">Designet til installationer fra \u00e9n til fire motorer, hvilket sikrer fleksibilitet til forskellige b\u00e5dkonfigurationer.<\/p>\n<\/li>\n<li data-start=\"2080\" data-end=\"2207\">\n<p data-start=\"2082\" data-end=\"2207\">Udviklet med fokus p\u00e5 driftssikkerhed, sikkerhed og brugervenlighed, s\u00e5 til- og fral\u00e6gning bliver en bekymringsfri oplevelse.<\/p>\n<\/li>\n<\/ul>\n                    \t\t\t\t\t\n                                    <\/div>\n            <\/div>\n        <\/div>\n    <\/div>\n<\/section>\n\n<section id=\"section-text-block-block_7354545544e34c2566c81106bdf8150d\" class=\"section text-block \">\n                    <div class=\"section section__body\">\n            <div class=\"text-block\">\n                <div class=\"container\">\n                    <div class=\"row\">\n                        <div class=\"col-lg-8 offset-lg-2\">\n                                                            <div class=\"section__content single__content hentry\">\n                                    <h3 data-start=\"2214\" data-end=\"2250\">Forbedr din sejloplevelse i dag!<\/h3>\n<p data-start=\"2252\" data-end=\"2416\" data-is-last-node=\"\" data-is-only-node=\"\">Til- og fral\u00e6gning har aldrig v\u00e6ret nemmere. Med VETUS, Honda Marine og Ultraflex f\u00e5r du den perfekte balance mellem teknologi, performance og brugervenlig kontrol.<\/p>\n                                <\/div>\n                            \n                                                    <\/div>\n                    <\/div>\n                <\/div>\n            <\/div>\n        <\/div>\n    <\/section><\/section>","protected":false},"excerpt":{"rendered":"","protected":false},"author":20,"featured_media":0,"parent":0,"menu_order":0,"comment_status":"closed","ping_status":"closed","template":"tpl-default.php","meta":{"_acf_changed":false,"footnotes":""},"class_list":["post-101568","page","type-page","status-publish","hentry"],"acf":{"background_image":{"ID":100390,"id":100390,"title":"palmm","filename":"palmm.jpg","filesize":63573,"url":"https:\/\/vetus.com\/wp-content\/uploads\/palmm.jpg","link":"https:\/\/vetus.com\/da\/badshows\/palm-beach-boat-show-2\/palmm-2\/","alt":"","author":"20","description":"","caption":"","name":"palmm-2","status":"inherit","uploaded_to":100402,"date":"2025-02-12 12:32:55","modified":"2025-02-12 12:32:55","menu_order":0,"mime_type":"image\/jpeg","type":"image","subtype":"jpeg","icon":"https:\/\/vetus.com\/wp-includes\/images\/media\/default.png","width":960,"height":640,"sizes":{"thumbnail":"https:\/\/vetus.com\/wp-content\/uploads\/palmm-150x150.jpg","thumbnail-width":150,"thumbnail-height":150,"medium":"https:\/\/vetus.com\/wp-content\/uploads\/palmm-300x200.jpg","medium-width":300,"medium-height":200,"medium_large":"https:\/\/vetus.com\/wp-content\/uploads\/palmm-768x512.jpg","medium_large-width":768,"medium_large-height":512,"large":"https:\/\/vetus.com\/wp-content\/uploads\/palmm.jpg","large-width":960,"large-height":640,"1536x1536":"https:\/\/vetus.com\/wp-content\/uploads\/palmm.jpg","1536x1536-width":960,"1536x1536-height":640,"2048x2048":"https:\/\/vetus.com\/wp-content\/uploads\/palmm.jpg","2048x2048-width":960,"2048x2048-height":640,"210w":"https:\/\/vetus.com\/wp-content\/uploads\/palmm-210x140.jpg","210w-width":210,"210w-height":140,"330w":"https:\/\/vetus.com\/wp-content\/uploads\/palmm-330x220.jpg","330w-width":330,"330w-height":220,"431w":"https:\/\/vetus.com\/wp-content\/uploads\/palmm-431x287.jpg","431w-width":431,"431w-height":287,"507w":"https:\/\/vetus.com\/wp-content\/uploads\/palmm-507x338.jpg","507w-width":507,"507w-height":338,"530w":"https:\/\/vetus.com\/wp-content\/uploads\/palmm-530x353.jpg","530w-width":530,"530w-height":353,"690w":"https:\/\/vetus.com\/wp-content\/uploads\/palmm-690x460.jpg","690w-width":690,"690w-height":460,"930w":"https:\/\/vetus.com\/wp-content\/uploads\/palmm-930x620.jpg","930w-width":930,"930w-height":620,"1170w":"https:\/\/vetus.com\/wp-content\/uploads\/palmm.jpg","1170w-width":960,"1170w-height":640,"gform-image-choice-sm":"https:\/\/vetus.com\/wp-content\/uploads\/palmm-300x300.jpg","gform-image-choice-sm-width":300,"gform-image-choice-sm-height":300,"gform-image-choice-md":"https:\/\/vetus.com\/wp-content\/uploads\/palmm-400x400.jpg","gform-image-choice-md-width":400,"gform-image-choice-md-height":400,"gform-image-choice-lg":"https:\/\/vetus.com\/wp-content\/uploads\/palmm-600x600.jpg","gform-image-choice-lg-width":600,"gform-image-choice-lg-height":600}},"button":{"title":"","url":"","target":"","0":""},"image":{"ID":101760,"id":101760,"title":"Idea 80 + BF350 Grand Prix White (16)","filename":"Idea-80-BF350-Grand-Prix-White-16-scaled.jpg","filesize":725252,"url":"https:\/\/vetus.com\/wp-content\/uploads\/Idea-80-BF350-Grand-Prix-White-16-scaled.jpg","link":"https:\/\/vetus.com\/da\/bov-propel-integration-med-honda-paahaengsmotorer-og-ultraflex-betjening\/idea-80-bf350-grand-prix-white-16-2\/","alt":"","author":"20","description":"","caption":"","name":"idea-80-bf350-grand-prix-white-16-2","status":"inherit","uploaded_to":101568,"date":"2025-03-06 10:20:59","modified":"2025-03-06 10:20:59","menu_order":0,"mime_type":"image\/jpeg","type":"image","subtype":"jpeg","icon":"https:\/\/vetus.com\/wp-includes\/images\/media\/default.png","width":2560,"height":1707,"sizes":{"thumbnail":"https:\/\/vetus.com\/wp-content\/uploads\/Idea-80-BF350-Grand-Prix-White-16-150x150.jpg","thumbnail-width":150,"thumbnail-height":150,"medium":"https:\/\/vetus.com\/wp-content\/uploads\/Idea-80-BF350-Grand-Prix-White-16-300x200.jpg","medium-width":300,"medium-height":200,"medium_large":"https:\/\/vetus.com\/wp-content\/uploads\/Idea-80-BF350-Grand-Prix-White-16-768x512.jpg","medium_large-width":768,"medium_large-height":512,"large":"https:\/\/vetus.com\/wp-content\/uploads\/Idea-80-BF350-Grand-Prix-White-16-scaled.jpg","large-width":1024,"large-height":683,"1536x1536":"https:\/\/vetus.com\/wp-content\/uploads\/Idea-80-BF350-Grand-Prix-White-16-scaled.jpg","1536x1536-width":1536,"1536x1536-height":1024,"2048x2048":"https:\/\/vetus.com\/wp-content\/uploads\/Idea-80-BF350-Grand-Prix-White-16-scaled.jpg","2048x2048-width":2048,"2048x2048-height":1366,"210w":"https:\/\/vetus.com\/wp-content\/uploads\/Idea-80-BF350-Grand-Prix-White-16-210x140.jpg","210w-width":210,"210w-height":140,"330w":"https:\/\/vetus.com\/wp-content\/uploads\/Idea-80-BF350-Grand-Prix-White-16-330x220.jpg","330w-width":330,"330w-height":220,"431w":"https:\/\/vetus.com\/wp-content\/uploads\/Idea-80-BF350-Grand-Prix-White-16-431x287.jpg","431w-width":431,"431w-height":287,"507w":"https:\/\/vetus.com\/wp-content\/uploads\/Idea-80-BF350-Grand-Prix-White-16-507x338.jpg","507w-width":507,"507w-height":338,"530w":"https:\/\/vetus.com\/wp-content\/uploads\/Idea-80-BF350-Grand-Prix-White-16-530x353.jpg","530w-width":530,"530w-height":353,"690w":"https:\/\/vetus.com\/wp-content\/uploads\/Idea-80-BF350-Grand-Prix-White-16-690x460.jpg","690w-width":690,"690w-height":460,"930w":"https:\/\/vetus.com\/wp-content\/uploads\/Idea-80-BF350-Grand-Prix-White-16-930x620.jpg","930w-width":930,"930w-height":620,"1170w":"https:\/\/vetus.com\/wp-content\/uploads\/Idea-80-BF350-Grand-Prix-White-16-1170x780.jpg","1170w-width":1170,"1170w-height":780,"gform-image-choice-sm":"https:\/\/vetus.com\/wp-content\/uploads\/Idea-80-BF350-Grand-Prix-White-16-scaled.jpg","gform-image-choice-sm-width":300,"gform-image-choice-sm-height":200,"gform-image-choice-md":"https:\/\/vetus.com\/wp-content\/uploads\/Idea-80-BF350-Grand-Prix-White-16-scaled.jpg","gform-image-choice-md-width":400,"gform-image-choice-md-height":267,"gform-image-choice-lg":"https:\/\/vetus.com\/wp-content\/uploads\/Idea-80-BF350-Grand-Prix-White-16-scaled.jpg","gform-image-choice-lg-width":600,"gform-image-choice-lg-height":400}},"introduction":"","person":false,"title":"Smart integration for forbedret man\u00f8vredygtighed","video":false},"yoast_head":"<!-- This site is optimized with the Yoast SEO Premium plugin v27.4 (Yoast SEO v27.4) - https:\/\/yoast.com\/product\/yoast-seo-premium-wordpress\/ -->\n<title>BOW PRO Thruster-integration med Honda p\u00e5h\u00e6ngsmotorer &amp; Ultraflex-betjening - VETUS<\/title>\n<meta name=\"description\" content=\"For at udvide integrationsprogrammet og forbedre sejloplevelsen for endnu flere brugere samarbejder VETUS nu med Honda Marine og Ultraflex...\" \/>\n<meta name=\"robots\" content=\"index, follow, max-snippet:-1, max-image-preview:large, max-video-preview:-1\" \/>\n<link rel=\"canonical\" href=\"https:\/\/vetus.com\/da\/bov-propel-integration-med-honda-paahaengsmotorer-og-ultraflex-betjening\/\" \/>\n<meta property=\"og:locale\" content=\"da_DK\" \/>\n<meta property=\"og:type\" content=\"article\" \/>\n<meta property=\"og:title\" content=\"BOW PRO Thruster-integration med Honda p\u00e5h\u00e6ngsmotorer &amp; Ultraflex-betjening\" \/>\n<meta property=\"og:description\" content=\"For at udvide integrationsprogrammet og forbedre sejloplevelsen for endnu flere brugere samarbejder VETUS nu med Honda Marine og Ultraflex...\" \/>\n<meta property=\"og:url\" content=\"https:\/\/vetus.com\/da\/bov-propel-integration-med-honda-paahaengsmotorer-og-ultraflex-betjening\/\" \/>\n<meta property=\"og:site_name\" content=\"VETUS\" \/>\n<meta property=\"article:modified_time\" content=\"2026-02-26T12:27:35+00:00\" \/>\n<meta name=\"twitter:card\" content=\"summary_large_image\" \/>\n<meta name=\"twitter:label1\" content=\"Estimeret l\u00e6setid\" \/>\n\t<meta name=\"twitter:data1\" content=\"3 minutter\" \/>\n<script type=\"application\/ld+json\" class=\"yoast-schema-graph\">{\"@context\":\"https:\\\/\\\/schema.org\",\"@graph\":[{\"@type\":\"WebPage\",\"@id\":\"https:\\\/\\\/vetus.com\\\/da\\\/bov-propel-integration-med-honda-paahaengsmotorer-og-ultraflex-betjening\\\/\",\"url\":\"https:\\\/\\\/vetus.com\\\/da\\\/bov-propel-integration-med-honda-paahaengsmotorer-og-ultraflex-betjening\\\/\",\"name\":\"BOW PRO Thruster-integration med Honda p\u00e5h\u00e6ngsmotorer &amp; Ultraflex-betjening - VETUS\",\"isPartOf\":{\"@id\":\"https:\\\/\\\/vetus.com\\\/da\\\/#website\"},\"datePublished\":\"2025-02-26T14:42:13+00:00\",\"dateModified\":\"2026-02-26T12:27:35+00:00\",\"description\":\"For at udvide integrationsprogrammet og forbedre sejloplevelsen for endnu flere brugere samarbejder VETUS nu med Honda Marine og Ultraflex...\",\"breadcrumb\":{\"@id\":\"https:\\\/\\\/vetus.com\\\/da\\\/bov-propel-integration-med-honda-paahaengsmotorer-og-ultraflex-betjening\\\/#breadcrumb\"},\"inLanguage\":\"da-DK\",\"potentialAction\":[{\"@type\":\"ReadAction\",\"target\":[\"https:\\\/\\\/vetus.com\\\/da\\\/bov-propel-integration-med-honda-paahaengsmotorer-og-ultraflex-betjening\\\/\"]}]},{\"@type\":\"BreadcrumbList\",\"@id\":\"https:\\\/\\\/vetus.com\\\/da\\\/bov-propel-integration-med-honda-paahaengsmotorer-og-ultraflex-betjening\\\/#breadcrumb\",\"itemListElement\":[{\"@type\":\"ListItem\",\"position\":1,\"name\":\"Home\",\"item\":\"https:\\\/\\\/vetus.com\\\/da\\\/\"},{\"@type\":\"ListItem\",\"position\":2,\"name\":\"BOW PRO Thruster-integration med Honda p\u00e5h\u00e6ngsmotorer &amp; Ultraflex-betjening\"}]},{\"@type\":\"WebSite\",\"@id\":\"https:\\\/\\\/vetus.com\\\/da\\\/#website\",\"url\":\"https:\\\/\\\/vetus.com\\\/da\\\/\",\"name\":\"VETUS\",\"description\":\"\",\"potentialAction\":[{\"@type\":\"SearchAction\",\"target\":{\"@type\":\"EntryPoint\",\"urlTemplate\":\"https:\\\/\\\/vetus.com\\\/da\\\/?s={search_term_string}\"},\"query-input\":{\"@type\":\"PropertyValueSpecification\",\"valueRequired\":true,\"valueName\":\"search_term_string\"}}],\"inLanguage\":\"da-DK\"}]}<\/script>\n<!-- \/ Yoast SEO Premium plugin. -->","yoast_head_json":{"title":"BOW PRO Thruster-integration med Honda p\u00e5h\u00e6ngsmotorer &amp; Ultraflex-betjening - VETUS","description":"For at udvide integrationsprogrammet og forbedre sejloplevelsen for endnu flere brugere samarbejder VETUS nu med Honda Marine og Ultraflex...","robots":{"index":"index","follow":"follow","max-snippet":"max-snippet:-1","max-image-preview":"max-image-preview:large","max-video-preview":"max-video-preview:-1"},"canonical":"https:\/\/vetus.com\/da\/bov-propel-integration-med-honda-paahaengsmotorer-og-ultraflex-betjening\/","og_locale":"da_DK","og_type":"article","og_title":"BOW PRO Thruster-integration med Honda p\u00e5h\u00e6ngsmotorer &amp; Ultraflex-betjening","og_description":"For at udvide integrationsprogrammet og forbedre sejloplevelsen for endnu flere brugere samarbejder VETUS nu med Honda Marine og Ultraflex...","og_url":"https:\/\/vetus.com\/da\/bov-propel-integration-med-honda-paahaengsmotorer-og-ultraflex-betjening\/","og_site_name":"VETUS","article_modified_time":"2026-02-26T12:27:35+00:00","twitter_card":"summary_large_image","twitter_misc":{"Estimeret l\u00e6setid":"3 minutter"},"schema":{"@context":"https:\/\/schema.org","@graph":[{"@type":"WebPage","@id":"https:\/\/vetus.com\/da\/bov-propel-integration-med-honda-paahaengsmotorer-og-ultraflex-betjening\/","url":"https:\/\/vetus.com\/da\/bov-propel-integration-med-honda-paahaengsmotorer-og-ultraflex-betjening\/","name":"BOW PRO Thruster-integration med Honda p\u00e5h\u00e6ngsmotorer &amp; Ultraflex-betjening - VETUS","isPartOf":{"@id":"https:\/\/vetus.com\/da\/#website"},"datePublished":"2025-02-26T14:42:13+00:00","dateModified":"2026-02-26T12:27:35+00:00","description":"For at udvide integrationsprogrammet og forbedre sejloplevelsen for endnu flere brugere samarbejder VETUS nu med Honda Marine og Ultraflex...","breadcrumb":{"@id":"https:\/\/vetus.com\/da\/bov-propel-integration-med-honda-paahaengsmotorer-og-ultraflex-betjening\/#breadcrumb"},"inLanguage":"da-DK","potentialAction":[{"@type":"ReadAction","target":["https:\/\/vetus.com\/da\/bov-propel-integration-med-honda-paahaengsmotorer-og-ultraflex-betjening\/"]}]},{"@type":"BreadcrumbList","@id":"https:\/\/vetus.com\/da\/bov-propel-integration-med-honda-paahaengsmotorer-og-ultraflex-betjening\/#breadcrumb","itemListElement":[{"@type":"ListItem","position":1,"name":"Home","item":"https:\/\/vetus.com\/da\/"},{"@type":"ListItem","position":2,"name":"BOW PRO Thruster-integration med Honda p\u00e5h\u00e6ngsmotorer &amp; Ultraflex-betjening"}]},{"@type":"WebSite","@id":"https:\/\/vetus.com\/da\/#website","url":"https:\/\/vetus.com\/da\/","name":"VETUS","description":"","potentialAction":[{"@type":"SearchAction","target":{"@type":"EntryPoint","urlTemplate":"https:\/\/vetus.com\/da\/?s={search_term_string}"},"query-input":{"@type":"PropertyValueSpecification","valueRequired":true,"valueName":"search_term_string"}}],"inLanguage":"da-DK"}]}},"_links":{"self":[{"href":"https:\/\/vetus.com\/da\/wp-json\/wp\/v2\/pages\/101568","targetHints":{"allow":["GET"]}}],"collection":[{"href":"https:\/\/vetus.com\/da\/wp-json\/wp\/v2\/pages"}],"about":[{"href":"https:\/\/vetus.com\/da\/wp-json\/wp\/v2\/types\/page"}],"author":[{"embeddable":true,"href":"https:\/\/vetus.com\/da\/wp-json\/wp\/v2\/users\/20"}],"replies":[{"embeddable":true,"href":"https:\/\/vetus.com\/da\/wp-json\/wp\/v2\/comments?post=101568"}],"version-history":[{"count":4,"href":"https:\/\/vetus.com\/da\/wp-json\/wp\/v2\/pages\/101568\/revisions"}],"predecessor-version":[{"id":122720,"href":"https:\/\/vetus.com\/da\/wp-json\/wp\/v2\/pages\/101568\/revisions\/122720"}],"wp:attachment":[{"href":"https:\/\/vetus.com\/da\/wp-json\/wp\/v2\/media?parent=101568"}],"curies":[{"name":"wp","href":"https:\/\/api.w.org\/{rel}","templated":true}]}}